{"id":2075,"date":"2019-06-13T12:29:46","date_gmt":"2019-06-13T10:29:46","guid":{"rendered":"http:\/\/tystofte.demo.nedeco.ninja\/?page_id=2075"},"modified":"2021-05-21T08:25:22","modified_gmt":"2021-05-21T06:25:22","slug":"vcu-field-plans-2019","status":"publish","type":"page","link":"https:\/\/tystofte2.dk.web08.webtohosting.dk\/en\/testing\/vcu-field-plans\/vcu-field-plans-2019\/","title":{"rendered":"VCU field plans 2019"},"content":{"rendered":"\n<p><strong>Only in Danish<br><\/strong><\/p>\n\n\n\n<p><a href=\"https:\/\/tystofte2.dk.web08.webtohosting.dk\/wp-content\/uploads\/2019\/06\/abgrd-vaarsaed.pdf\">Abgrd V\u00e5rs\u00e6d<\/a><\/p>\n\n\n\n<p><a href=\"https:\/\/tystofte2.dk.web08.webtohosting.dk\/wp-content\/uploads\/2019\/06\/abildgaard-vinterraps.pdf\">Abildg\u00e5rd Vinterraps<\/a><\/p>\n\n\n\n<p><a href=\"https:\/\/tystofte2.dk.web08.webtohosting.dk\/wp-content\/uploads\/2019\/02\/abildgaard-vintersaed-2019.pdf\">Abildg\u00e5rd Vinters\u00e6d 2019<\/a><\/p>\n\n\n\n<p><a href=\"https:\/\/tystofte2.dk.web08.webtohosting.dk\/wp-content\/uploads\/2019\/06\/dyngby-vinterraps.pdf\">Dyngby Vinterraps<\/a><\/p>\n\n\n\n<p><a href=\"https:\/\/tystofte2.dk.web08.webtohosting.dk\/wp-content\/uploads\/2019\/06\/eskilstrup-vaarbyg.pdf\">Eskilstrup V\u00e5rbyg<\/a><\/p>\n\n\n\n<p><a href=\"https:\/\/tystofte2.dk.web08.webtohosting.dk\/wp-content\/uploads\/2019\/02\/holeby-og-eskildstrup-vintersaed-2019.pdf\">Holeby Og Eskildstrup Vinters\u00e6d 2019<\/a><\/p>\n\n\n\n<p><a href=\"https:\/\/tystofte2.dk.web08.webtohosting.dk\/wp-content\/uploads\/2019\/02\/sejet-vintersaed-2019.pdf\">Sejet Vinters\u00e6d 2019<\/a><\/p>\n\n\n\n<p><a href=\"https:\/\/tystofte2.dk.web08.webtohosting.dk\/wp-content\/uploads\/2019\/06\/sejet-vaarsaed.pdf\">Sejet V\u00e5rs\u00e6d<\/a><\/p>\n\n\n\n<p><a href=\"https:\/\/tystofte2.dk.web08.webtohosting.dk\/wp-content\/uploads\/2019\/06\/tystofte-vinterraps.pdf\">Tystofte Vinterraps<\/a><\/p>\n\n\n\n<p><a href=\"https:\/\/tystofte2.dk.web08.webtohosting.dk\/wp-content\/uploads\/2019\/02\/tystofte-vintersaed-2019.pdf\">Tystofte Vinters\u00e6d 2019<\/a><\/p>\n\n\n\n<p><a href=\"https:\/\/tystofte2.dk.web08.webtohosting.dk\/wp-content\/uploads\/2019\/06\/tystofte-vaarsaed.pdf\">Tystofte V\u00e5rs\u00e6d<\/a><\/p>\n","protected":false},"excerpt":{"rendered":"<p>Only in Danish Abgrd V\u00e5rs\u00e6d Abildg\u00e5rd Vinterraps Abildg\u00e5rd Vinters\u00e6d 2019 Dyngby Vinterraps Eskilstrup V\u00e5rbyg Holeby Og Eskildstrup Vinters\u00e6d 2019 Sejet Vinters\u00e6d 2019 Sejet V\u00e5rs\u00e6d Tystofte Vinterraps Tystofte Vinters\u00e6d 2019 Tystofte V\u00e5rs\u00e6d<\/p>\n","protected":false},"author":3,"featured_media":0,"parent":2073,"menu_order":47,"comment_status":"closed","ping_status":"closed","template":"","meta":{"_acf_changed":false,"footnotes":""},"class_list":["post-2075","page","type-page","status-publish","hentry"],"acf":[],"_links":{"self":[{"href":"https:\/\/tystofte2.dk.web08.webtohosting.dk\/en\/wp-json\/wp\/v2\/pages\/2075","targetHints":{"allow":["GET"]}}],"collection":[{"href":"https:\/\/tystofte2.dk.web08.webtohosting.dk\/en\/wp-json\/wp\/v2\/pages"}],"about":[{"href":"https:\/\/tystofte2.dk.web08.webtohosting.dk\/en\/wp-json\/wp\/v2\/types\/page"}],"author":[{"embeddable":true,"href":"https:\/\/tystofte2.dk.web08.webtohosting.dk\/en\/wp-json\/wp\/v2\/users\/3"}],"replies":[{"embeddable":true,"href":"https:\/\/tystofte2.dk.web08.webtohosting.dk\/en\/wp-json\/wp\/v2\/comments?post=2075"}],"version-history":[{"count":2,"href":"https:\/\/tystofte2.dk.web08.webtohosting.dk\/en\/wp-json\/wp\/v2\/pages\/2075\/revisions"}],"predecessor-version":[{"id":13686,"href":"https:\/\/tystofte2.dk.web08.webtohosting.dk\/en\/wp-json\/wp\/v2\/pages\/2075\/revisions\/13686"}],"up":[{"embeddable":true,"href":"https:\/\/tystofte2.dk.web08.webtohosting.dk\/en\/wp-json\/wp\/v2\/pages\/2073"}],"wp:attachment":[{"href":"https:\/\/tystofte2.dk.web08.webtohosting.dk\/en\/wp-json\/wp\/v2\/media?parent=2075"}],"curies":[{"name":"wp","href":"https:\/\/api.w.org\/{rel}","templated":true}]}}