{"id":1969,"date":"2019-06-07T09:56:39","date_gmt":"2019-06-07T07:56:39","guid":{"rendered":"http:\/\/tystofte.demo.nedeco.ninja\/?page_id=1969"},"modified":"2019-06-07T12:24:55","modified_gmt":"2019-06-07T10:24:55","slug":"gdpr","status":"publish","type":"page","link":"https:\/\/tystofte2.dk.web08.webtohosting.dk\/en\/about-tystoftefoundation1\/contact\/gdpr\/","title":{"rendered":"GDPR"},"content":{"rendered":"\n<p>We use cookies on our website. These are small text files that serve to support the presentation of our website. You can also use our website restrictedly without the use of cookies. You can deactivate this using the settings in your browser.<br><\/p>\n\n\n\n<p>If you have any questions or comments on how we process personal data, please contact our Data Protection Adviser. You can contact the Data Protection Adviser for the TystofteFoundation in the following ways:<\/p>\n\n\n\n<p>TystofteFoundation<br> Att. : &#8220;Data Protection Officer&#8221;<br> Teglv\u00e6rksvej 10 <br> 4230 Sk\u00e6lsk\u00f8r<br> Telephone: +45 50 80 84 50<br> Mail: info@tystofte.dk<\/p>\n","protected":false},"excerpt":{"rendered":"<p>We use cookies on our website. These are small text files that serve to support the presentation of our website. You can also use our website restrictedly without the use of cookies. You can deactivate this using the settings in your browser. If you have any questions or comments on how we process personal data, [&hellip;]<\/p>\n","protected":false},"author":3,"featured_media":0,"parent":1283,"menu_order":35,"comment_status":"closed","ping_status":"closed","template":"","meta":{"_acf_changed":false,"footnotes":""},"class_list":["post-1969","page","type-page","status-publish","hentry"],"acf":[],"_links":{"self":[{"href":"https:\/\/tystofte2.dk.web08.webtohosting.dk\/en\/wp-json\/wp\/v2\/pages\/1969","targetHints":{"allow":["GET"]}}],"collection":[{"href":"https:\/\/tystofte2.dk.web08.webtohosting.dk\/en\/wp-json\/wp\/v2\/pages"}],"about":[{"href":"https:\/\/tystofte2.dk.web08.webtohosting.dk\/en\/wp-json\/wp\/v2\/types\/page"}],"author":[{"embeddable":true,"href":"https:\/\/tystofte2.dk.web08.webtohosting.dk\/en\/wp-json\/wp\/v2\/users\/3"}],"replies":[{"embeddable":true,"href":"https:\/\/tystofte2.dk.web08.webtohosting.dk\/en\/wp-json\/wp\/v2\/comments?post=1969"}],"version-history":[{"count":2,"href":"https:\/\/tystofte2.dk.web08.webtohosting.dk\/en\/wp-json\/wp\/v2\/pages\/1969\/revisions"}],"predecessor-version":[{"id":1995,"href":"https:\/\/tystofte2.dk.web08.webtohosting.dk\/en\/wp-json\/wp\/v2\/pages\/1969\/revisions\/1995"}],"up":[{"embeddable":true,"href":"https:\/\/tystofte2.dk.web08.webtohosting.dk\/en\/wp-json\/wp\/v2\/pages\/1283"}],"wp:attachment":[{"href":"https:\/\/tystofte2.dk.web08.webtohosting.dk\/en\/wp-json\/wp\/v2\/media?parent=1969"}],"curies":[{"name":"wp","href":"https:\/\/api.w.org\/{rel}","templated":true}]}}