{"id":19567,"date":"2025-09-04T11:43:11","date_gmt":"2025-09-04T09:43:11","guid":{"rendered":"https:\/\/tystofte2.dk.web08.webtohosting.dk\/results\/vp-aarsresultater\/2025-2\/"},"modified":"2026-01-21T09:56:54","modified_gmt":"2026-01-21T08:56:54","slug":"2025-2","status":"publish","type":"page","link":"https:\/\/tystofte2.dk.web08.webtohosting.dk\/en\/results\/vp-aarsresultater\/2025-2\/","title":{"rendered":"2025"},"content":{"rendered":"\n<p><a href=\"https:\/\/tystofte2.dk.web08.webtohosting.dk\/wp-content\/uploads\/2025\/10\/Vinterhvede-2025.pdf\">Vinterhvede <\/a><br><a href=\"https:\/\/tystofte2.dk.web08.webtohosting.dk\/wp-content\/uploads\/2026\/01\/VIHV-bagning.pdf\">Vinterhvede bageafpr\u00f8vning<\/a><br><a href=\"https:\/\/tystofte2.dk.web08.webtohosting.dk\/wp-content\/uploads\/2025\/09\/Vaarhvede.pdf\">V\u00e5rhvede<\/a><br><a href=\"https:\/\/tystofte2.dk.web08.webtohosting.dk\/wp-content\/uploads\/2025\/09\/VIHV-bagning-1.pdf\">Vinterrug <\/a><a href=\"https:\/\/tystofte2.dk.web08.webtohosting.dk\/wp-content\/uploads\/2025\/09\/Vi-rug-A.pdf\">hybrider<\/a><br><a href=\"https:\/\/tystofte2.dk.web08.webtohosting.dk\/wp-content\/uploads\/2025\/09\/Vi-rug-B.pdf\">Vinterrug <\/a><a href=\"https:\/\/tystofte2.dk.web08.webtohosting.dk\/wp-content\/uploads\/2025\/09\/VIHV-bagning-1.pdf\">kortstr\u00e5ede hybrider<\/a><br><a href=\"https:\/\/tystofte2.dk.web08.webtohosting.dk\/wp-content\/uploads\/2026\/01\/Vinterbyg.pdf\">Vinterbyg<\/a><br><a href=\"https:\/\/tystofte2.dk.web08.webtohosting.dk\/wp-content\/uploads\/2026\/01\/Vaarbyg.pdf\">V\u00e5rbyg<\/a><br><a href=\"https:\/\/tystofte2.dk.web08.webtohosting.dk\/wp-content\/uploads\/2025\/09\/Havre.pdf\">Havre<\/a><br><a href=\"https:\/\/tystofte2.dk.web08.webtohosting.dk\/wp-content\/uploads\/2025\/09\/Triticale.pdf\">Triticale<\/a><br><a href=\"https:\/\/tystofte2.dk.web08.webtohosting.dk\/wp-content\/uploads\/2025\/10\/Markaert.pdf\">Mark\u00e6rt<\/a><br><a href=\"https:\/\/tystofte2.dk.web08.webtohosting.dk\/wp-content\/uploads\/2025\/10\/Markaert-helsaed.pdf\">Mark\u00e6rt, hels\u00e6d<\/a><br><a href=\"https:\/\/tystofte2.dk.web08.webtohosting.dk\/wp-content\/uploads\/2025\/10\/Hesteboenner.pdf\">Hesteb\u00f8nner<\/a><br><a href=\"https:\/\/tystofte2.dk.web08.webtohosting.dk\/wp-content\/uploads\/2025\/12\/Vinterraps.pdf\">Vinterraps<\/a><br><a href=\"https:\/\/tystofte2.dk.web08.webtohosting.dk\/wp-content\/uploads\/2025\/12\/Sukkerroe-Sugar-beets-2025.pdf\">Sukkerroe\/Sugar Beets<\/a><br><a href=\"https:\/\/tystofte2.dk.web08.webtohosting.dk\/wp-content\/uploads\/2025\/12\/Bederoer-Fodder-and-Energy-beets-2025.pdf\">Foderroe\/Fodder Beets<\/a><br><a href=\"https:\/\/tystofte2.dk.web08.webtohosting.dk\/wp-content\/uploads\/2026\/01\/Spisekartofler-V2525A-1.pdf\">Spisekartofler\/Fresh potatoes<\/a><br><a href=\"https:\/\/tystofte2.dk.web08.webtohosting.dk\/wp-content\/uploads\/2026\/01\/Stivelseskartofler-V2526A.pdf\">Stivelseskartofler\/Industry potatoes starch production<\/a><br><a href=\"https:\/\/tystofte2.dk.web08.webtohosting.dk\/wp-content\/uploads\/2025\/12\/Chipkartofler-V2528A.pdf\">Chipskartofler\/frying potatoes<\/a><br><a href=\"https:\/\/tystofte2.dk.web08.webtohosting.dk\/wp-content\/uploads\/2025\/12\/V25421-2.pdf\">Gr\u00e6smarksplanter, foder 1. brugs\u00e5r<\/a><br><a href=\"https:\/\/tystofte2.dk.web08.webtohosting.dk\/wp-content\/uploads\/2025\/12\/V25422-1.pdf\">Gr\u00e6smarksplanter, foder 2. brugs\u00e5r<\/a><br><a href=\"https:\/\/tystofte2.dk.web08.webtohosting.dk\/wp-content\/uploads\/2025\/12\/V25423-1.pdf\">Gr\u00e6smarksplanter, foder 3. brugs\u00e5r<\/a><br><a href=\"https:\/\/tystofte2.dk.web08.webtohosting.dk\/wp-content\/uploads\/2025\/12\/V25443-1.pdf\">Timothe, 3.brugs\u00e5r<\/a><br><a href=\"https:\/\/tystofte2.dk.web08.webtohosting.dk\/wp-content\/uploads\/2025\/12\/V25503-1.pdf\">Engrapgr\u00e6s, 3.brugs\u00e5r<\/a><br><a href=\"https:\/\/tystofte2.dk.web08.webtohosting.dk\/wp-content\/uploads\/2025\/12\/V25611-1.pdf\">R\u00f8dkl\u00f8ver, 1. brugs\u00e5r<\/a><br><a href=\"https:\/\/tystofte2.dk.web08.webtohosting.dk\/wp-content\/uploads\/2025\/12\/V25613-1.pdf\">R\u00f8dkl\u00f8ver, 3. brugs\u00e5r<\/a><br><a href=\"https:\/\/tystofte2.dk.web08.webtohosting.dk\/wp-content\/uploads\/2025\/12\/V25631-1.pdf\">Hvidkl\u00f8ver, 1. brugs\u00e5r<\/a><br><a href=\"https:\/\/tystofte2.dk.web08.webtohosting.dk\/wp-content\/uploads\/2025\/12\/V25632-1.pdf\">Hvidkl\u00f8ver, 2. brugs\u00e5r<\/a><\/p>\n","protected":false},"excerpt":{"rendered":"<p>Vinterhvede Vinterhvede bageafpr\u00f8vningV\u00e5rhvedeVinterrug hybriderVinterrug kortstr\u00e5ede hybriderVinterbygV\u00e5rbygHavreTriticaleMark\u00e6rtMark\u00e6rt, hels\u00e6dHesteb\u00f8nnerVinterrapsSukkerroe\/Sugar BeetsFoderroe\/Fodder BeetsSpisekartofler\/Fresh potatoesStivelseskartofler\/Industry potatoes starch productionChipskartofler\/frying potatoesGr\u00e6smarksplanter, foder 1. brugs\u00e5rGr\u00e6smarksplanter, foder 2. brugs\u00e5rGr\u00e6smarksplanter, foder 3. brugs\u00e5rTimothe, 3.brugs\u00e5rEngrapgr\u00e6s, 3.brugs\u00e5rR\u00f8dkl\u00f8ver, 1. brugs\u00e5rR\u00f8dkl\u00f8ver, 3. brugs\u00e5rHvidkl\u00f8ver, 1. brugs\u00e5rHvidkl\u00f8ver, 2. brugs\u00e5r<\/p>\n","protected":false},"author":6,"featured_media":0,"parent":16423,"menu_order":104,"comment_status":"closed","ping_status":"closed","template":"","meta":{"_acf_changed":false,"footnotes":""},"class_list":["post-19567","page","type-page","status-publish","hentry"],"acf":[],"_links":{"self":[{"href":"https:\/\/tystofte2.dk.web08.webtohosting.dk\/en\/wp-json\/wp\/v2\/pages\/19567","targetHints":{"allow":["GET"]}}],"collection":[{"href":"https:\/\/tystofte2.dk.web08.webtohosting.dk\/en\/wp-json\/wp\/v2\/pages"}],"about":[{"href":"https:\/\/tystofte2.dk.web08.webtohosting.dk\/en\/wp-json\/wp\/v2\/types\/page"}],"author":[{"embeddable":true,"href":"https:\/\/tystofte2.dk.web08.webtohosting.dk\/en\/wp-json\/wp\/v2\/users\/6"}],"replies":[{"embeddable":true,"href":"https:\/\/tystofte2.dk.web08.webtohosting.dk\/en\/wp-json\/wp\/v2\/comments?post=19567"}],"version-history":[{"count":15,"href":"https:\/\/tystofte2.dk.web08.webtohosting.dk\/en\/wp-json\/wp\/v2\/pages\/19567\/revisions"}],"predecessor-version":[{"id":19776,"href":"https:\/\/tystofte2.dk.web08.webtohosting.dk\/en\/wp-json\/wp\/v2\/pages\/19567\/revisions\/19776"}],"up":[{"embeddable":true,"href":"https:\/\/tystofte2.dk.web08.webtohosting.dk\/en\/wp-json\/wp\/v2\/pages\/16423"}],"wp:attachment":[{"href":"https:\/\/tystofte2.dk.web08.webtohosting.dk\/en\/wp-json\/wp\/v2\/media?parent=19567"}],"curies":[{"name":"wp","href":"https:\/\/api.w.org\/{rel}","templated":true}]}}