{"id":1879,"date":"2019-06-05T15:12:01","date_gmt":"2019-06-05T13:12:01","guid":{"rendered":"http:\/\/tystofte.demo.nedeco.ninja\/?page_id=1879"},"modified":"2019-06-05T15:12:02","modified_gmt":"2019-06-05T13:12:02","slug":"varieties-under-testing","status":"publish","type":"page","link":"https:\/\/tystofte2.dk.web08.webtohosting.dk\/en\/varieties-status\/varieties-under-testing\/","title":{"rendered":"Varieties under testing"},"content":{"rendered":"\n<p><a href=\"https:\/\/tystofte2.dk.web08.webtohosting.dk\/wp-content\/uploads\/2018\/07\/sorter-i-afproevning-2018-uk-annual-book-2018.pdf\" target=\"_blank\" rel=\"noreferrer noopener\">sorter-i-afproevning-2018-uk-annual-book-2018<\/a><br><a href=\"https:\/\/tystofte2.dk.web08.webtohosting.dk\/wp-content\/uploads\/2017\/06\/sorter-i-afproevning-2017-uk-annual-book-2017.pdf\" target=\"_blank\" rel=\"noreferrer noopener\">Sorter i afpr\u00f8vning 2017-UK &#8211; Annual book 2017<\/a><br><a href=\"https:\/\/tystofte2.dk.web08.webtohosting.dk\/wp-content\/uploads\/2016\/06\/sorter-i-afproevning-2016-uk-annual-book-2016.pdf\" target=\"_blank\" rel=\"noreferrer noopener\">Sorter i afpr\u00f8vning 2016-UK &#8211; Annual book 2016<\/a><br><a href=\"https:\/\/tystofte2.dk.web08.webtohosting.dk\/wp-content\/uploads\/2015\/07\/sorter-i-afproevning-2015-uk-annual-book-2015.pdf\" target=\"_blank\" rel=\"noreferrer noopener\">Sorter i afpr\u00f8vning 2015-UK &#8211; Annual book 2015<\/a><br><a href=\"https:\/\/tystofte2.dk.web08.webtohosting.dk\/wp-content\/uploads\/2015\/07\/sorter-i-afproevning-2014-uk-annual-book-2014.pdf\" target=\"_blank\" rel=\"noreferrer noopener\">Sorter i afpr\u00f8vning 2014-UK &#8211; Annual book 2014<\/a><br><a href=\"https:\/\/tystofte2.dk.web08.webtohosting.dk\/wp-content\/uploads\/2015\/07\/sorter-i-afproevning-2013-uk-annual-book-2013.pdf\" target=\"_blank\" rel=\"noreferrer noopener\">Sorter i afpr\u00f8vning 2013-UK &#8211; Annual book 2013<\/a><br><a href=\"https:\/\/tystofte2.dk.web08.webtohosting.dk\/wp-content\/uploads\/2015\/07\/sorter-i-afproevning-2012-uk-annual-book-2012.pdf\" target=\"_blank\" rel=\"noreferrer noopener\">Sorter i afpr\u00f8vning 2012-UK &#8211; Annual book 2012<\/a><\/p>\n","protected":false},"excerpt":{"rendered":"<p>sorter-i-afproevning-2018-uk-annual-book-2018Sorter i afpr\u00f8vning 2017-UK &#8211; Annual book 2017Sorter i afpr\u00f8vning 2016-UK &#8211; Annual book 2016Sorter i afpr\u00f8vning 2015-UK &#8211; Annual book 2015Sorter i afpr\u00f8vning 2014-UK &#8211; Annual book 2014Sorter i afpr\u00f8vning 2013-UK &#8211; Annual book 2013Sorter i afpr\u00f8vning 2012-UK &#8211; Annual book 2012<\/p>\n","protected":false},"author":3,"featured_media":0,"parent":1439,"menu_order":24,"comment_status":"closed","ping_status":"closed","template":"","meta":{"_acf_changed":false,"footnotes":""},"class_list":["post-1879","page","type-page","status-publish","hentry"],"acf":[],"_links":{"self":[{"href":"https:\/\/tystofte2.dk.web08.webtohosting.dk\/en\/wp-json\/wp\/v2\/pages\/1879","targetHints":{"allow":["GET"]}}],"collection":[{"href":"https:\/\/tystofte2.dk.web08.webtohosting.dk\/en\/wp-json\/wp\/v2\/pages"}],"about":[{"href":"https:\/\/tystofte2.dk.web08.webtohosting.dk\/en\/wp-json\/wp\/v2\/types\/page"}],"author":[{"embeddable":true,"href":"https:\/\/tystofte2.dk.web08.webtohosting.dk\/en\/wp-json\/wp\/v2\/users\/3"}],"replies":[{"embeddable":true,"href":"https:\/\/tystofte2.dk.web08.webtohosting.dk\/en\/wp-json\/wp\/v2\/comments?post=1879"}],"version-history":[{"count":1,"href":"https:\/\/tystofte2.dk.web08.webtohosting.dk\/en\/wp-json\/wp\/v2\/pages\/1879\/revisions"}],"predecessor-version":[{"id":1880,"href":"https:\/\/tystofte2.dk.web08.webtohosting.dk\/en\/wp-json\/wp\/v2\/pages\/1879\/revisions\/1880"}],"up":[{"embeddable":true,"href":"https:\/\/tystofte2.dk.web08.webtohosting.dk\/en\/wp-json\/wp\/v2\/pages\/1439"}],"wp:attachment":[{"href":"https:\/\/tystofte2.dk.web08.webtohosting.dk\/en\/wp-json\/wp\/v2\/media?parent=1879"}],"curies":[{"name":"wp","href":"https:\/\/api.w.org\/{rel}","templated":true}]}}