{"id":17680,"date":"2023-11-13T08:58:11","date_gmt":"2023-11-13T07:58:11","guid":{"rendered":"https:\/\/tystofte2.dk.web08.webtohosting.dk\/testing\/vcu-field-plans\/vp-markplaner-2024\/"},"modified":"2024-04-17T08:27:39","modified_gmt":"2024-04-17T06:27:39","slug":"vp-markplaner-2024","status":"publish","type":"page","link":"https:\/\/tystofte2.dk.web08.webtohosting.dk\/en\/testing\/vcu-field-plans\/vp-markplaner-2024\/","title":{"rendered":"VCU Field plans 2024"},"content":{"rendered":"\n<p><strong>Only in Danish<\/strong><\/p>\n\n\n\n<p><a href=\"https:\/\/tystofte2.dk.web08.webtohosting.dk\/wp-content\/uploads\/2023\/11\/Abildgaard-VP-vinterbyg-rug-og-trit-2024.pdf\">Abildg\u00e5rd vinters\u00e6d 2024<\/a><br><a href=\"https:\/\/tystofte2.dk.web08.webtohosting.dk\/wp-content\/uploads\/2023\/11\/Abildgaard-vinterraps-2024-til-hjemmeside.pdf\">Abildg\u00e5rd vinterraps 2024<\/a><br><a href=\"https:\/\/tystofte2.dk.web08.webtohosting.dk\/wp-content\/uploads\/2023\/11\/Holeby-vinterbyg-2024-markplan.pdf\">Lolland vinters\u00e6d 2024<\/a><br><a href=\"https:\/\/tystofte2.dk.web08.webtohosting.dk\/wp-content\/uploads\/2023\/11\/Sejet-vintersaed-2024-til-hjemmeside.pdf\">Sejet vinters\u00e6d 2024<\/a><br><a href=\"https:\/\/tystofte2.dk.web08.webtohosting.dk\/wp-content\/uploads\/2023\/11\/Tystofte-vinterraps-2024-til-hjemmeside.pdf\">Tystofte vinterraps 2024<\/a><br><a href=\"https:\/\/tystofte2.dk.web08.webtohosting.dk\/wp-content\/uploads\/2023\/11\/Tystofte-vintersaed-2024-til-hjemmeside.pdf\">Tystofte vinters\u00e6d 2024<\/a><br><a href=\"https:\/\/tystofte2.dk.web08.webtohosting.dk\/wp-content\/uploads\/2024\/03\/Graesser-Tystofte-2024.pdf\">Tystofte gr\u00e6smarksplanter 2024<\/a><\/p>\n","protected":false},"excerpt":{"rendered":"<p>Only in Danish Abildg\u00e5rd vinters\u00e6d 2024Abildg\u00e5rd vinterraps 2024Lolland vinters\u00e6d 2024Sejet vinters\u00e6d 2024Tystofte vinterraps 2024Tystofte vinters\u00e6d 2024Tystofte gr\u00e6smarksplanter 2024<\/p>\n","protected":false},"author":6,"featured_media":0,"parent":2073,"menu_order":0,"comment_status":"closed","ping_status":"closed","template":"","meta":{"_acf_changed":false,"footnotes":""},"class_list":["post-17680","page","type-page","status-publish","hentry"],"acf":[],"_links":{"self":[{"href":"https:\/\/tystofte2.dk.web08.webtohosting.dk\/en\/wp-json\/wp\/v2\/pages\/17680","targetHints":{"allow":["GET"]}}],"collection":[{"href":"https:\/\/tystofte2.dk.web08.webtohosting.dk\/en\/wp-json\/wp\/v2\/pages"}],"about":[{"href":"https:\/\/tystofte2.dk.web08.webtohosting.dk\/en\/wp-json\/wp\/v2\/types\/page"}],"author":[{"embeddable":true,"href":"https:\/\/tystofte2.dk.web08.webtohosting.dk\/en\/wp-json\/wp\/v2\/users\/6"}],"replies":[{"embeddable":true,"href":"https:\/\/tystofte2.dk.web08.webtohosting.dk\/en\/wp-json\/wp\/v2\/comments?post=17680"}],"version-history":[{"count":1,"href":"https:\/\/tystofte2.dk.web08.webtohosting.dk\/en\/wp-json\/wp\/v2\/pages\/17680\/revisions"}],"predecessor-version":[{"id":17681,"href":"https:\/\/tystofte2.dk.web08.webtohosting.dk\/en\/wp-json\/wp\/v2\/pages\/17680\/revisions\/17681"}],"up":[{"embeddable":true,"href":"https:\/\/tystofte2.dk.web08.webtohosting.dk\/en\/wp-json\/wp\/v2\/pages\/2073"}],"wp:attachment":[{"href":"https:\/\/tystofte2.dk.web08.webtohosting.dk\/en\/wp-json\/wp\/v2\/media?parent=17680"}],"curies":[{"name":"wp","href":"https:\/\/api.w.org\/{rel}","templated":true}]}}