{"id":17678,"date":"2021-10-14T13:10:03","date_gmt":"2021-10-14T11:10:03","guid":{"rendered":"https:\/\/tystofte2.dk.web08.webtohosting.dk\/testing\/vcu-field-plans\/vp-markplaner-2022\/"},"modified":"2024-04-17T08:25:39","modified_gmt":"2024-04-17T06:25:39","slug":"vp-markplaner-2022","status":"publish","type":"page","link":"https:\/\/tystofte2.dk.web08.webtohosting.dk\/en\/testing\/vcu-field-plans\/vp-markplaner-2022\/","title":{"rendered":"VCU Field plans 2022"},"content":{"rendered":"\n<p><strong>Only in Danish<\/strong><\/p>\n\n\n\n<p><a href=\"https:\/\/tystofte2.dk.web08.webtohosting.dk\/wp-content\/uploads\/2021\/10\/Vintersaed-Tystofte-2022.pdf\">Tystofte, vinters\u00e6d 2022<\/a><br><a href=\"https:\/\/tystofte2.dk.web08.webtohosting.dk\/wp-content\/uploads\/2021\/10\/Tystofte-vinterraps-2022.pdf\">Tystofte, vinterraps 2022<\/a><br><a href=\"https:\/\/tystofte2.dk.web08.webtohosting.dk\/wp-content\/uploads\/2021\/10\/abgrd-raps.pdf\">Abildg\u00e5rd, vinterraps 2022<\/a><br><a href=\"https:\/\/tystofte2.dk.web08.webtohosting.dk\/wp-content\/uploads\/2021\/10\/Vintersaed-Abildgaard-2022-1.pdf\">Abildg\u00e5rd, vinters\u00e6d 2022<\/a><br><a href=\"https:\/\/tystofte2.dk.web08.webtohosting.dk\/wp-content\/uploads\/2021\/10\/Dyngby-bagehvede-2022.pdf\">Dyngby, bagehvede 2022<\/a><br><a href=\"https:\/\/tystofte2.dk.web08.webtohosting.dk\/wp-content\/uploads\/2022\/06\/Markaert-Dyngby-2022.pdf\">Dyngby, Mark\u00e6rt 2022<\/a><br><a href=\"https:\/\/tystofte2.dk.web08.webtohosting.dk\/wp-content\/uploads\/2021\/11\/Vintersaed-Lolland-2022.pdf\">Lolland, vinters\u00e6d 2022<\/a><br><a href=\"https:\/\/tystofte2.dk.web08.webtohosting.dk\/wp-content\/uploads\/2021\/10\/Vintersaed-korn-Sejet-2022-1.pdf\">Sejet, vinters\u00e6d 2022<\/a><br><a href=\"https:\/\/tystofte2.dk.web08.webtohosting.dk\/wp-content\/uploads\/2022\/05\/Tystofte-vaarsaed.pdf\">Tystofte, v\u00e5rs\u00e6d 2022<\/a><br><a href=\"https:\/\/tystofte2.dk.web08.webtohosting.dk\/wp-content\/uploads\/2022\/05\/Vaarsaed-Abildgaard-2022.pdf\">Abildg\u00e5rd, v\u00e5rs\u00e6d 2022<\/a><br><a href=\"https:\/\/tystofte2.dk.web08.webtohosting.dk\/wp-content\/uploads\/2022\/05\/Vaarsaed-Lolland-2022.pdf\">Lolland, v\u00e5rs\u00e6d 2022<\/a><br><a href=\"https:\/\/tystofte2.dk.web08.webtohosting.dk\/wp-content\/uploads\/2022\/05\/Vaarsaed-Sejet-2022.pdf\">Sejet, v\u00e5rs\u00e6d 2022<\/a><br><a href=\"https:\/\/tystofte2.dk.web08.webtohosting.dk\/wp-content\/uploads\/2022\/05\/Hesteboenner-Nr-Aaby-2022.pdf\">Nr. \u00c5by, hesteb\u00f8nner 2022<\/a><br><a href=\"https:\/\/tystofte2.dk.web08.webtohosting.dk\/wp-content\/uploads\/2022\/05\/Tystofte-graes-2022.pdf\">Tystofte, gr\u00e6s 2022<\/a><\/p>\n","protected":false},"excerpt":{"rendered":"<p>Only in Danish Tystofte, vinters\u00e6d 2022Tystofte, vinterraps 2022Abildg\u00e5rd, vinterraps 2022Abildg\u00e5rd, vinters\u00e6d 2022Dyngby, bagehvede 2022Dyngby, Mark\u00e6rt 2022Lolland, vinters\u00e6d 2022Sejet, vinters\u00e6d 2022Tystofte, v\u00e5rs\u00e6d 2022Abildg\u00e5rd, v\u00e5rs\u00e6d 2022Lolland, v\u00e5rs\u00e6d 2022Sejet, v\u00e5rs\u00e6d 2022Nr. \u00c5by, hesteb\u00f8nner 2022Tystofte, gr\u00e6s 2022<\/p>\n","protected":false},"author":6,"featured_media":0,"parent":2073,"menu_order":6,"comment_status":"closed","ping_status":"closed","template":"","meta":{"_acf_changed":false,"footnotes":""},"class_list":["post-17678","page","type-page","status-publish","hentry"],"acf":[],"_links":{"self":[{"href":"https:\/\/tystofte2.dk.web08.webtohosting.dk\/en\/wp-json\/wp\/v2\/pages\/17678","targetHints":{"allow":["GET"]}}],"collection":[{"href":"https:\/\/tystofte2.dk.web08.webtohosting.dk\/en\/wp-json\/wp\/v2\/pages"}],"about":[{"href":"https:\/\/tystofte2.dk.web08.webtohosting.dk\/en\/wp-json\/wp\/v2\/types\/page"}],"author":[{"embeddable":true,"href":"https:\/\/tystofte2.dk.web08.webtohosting.dk\/en\/wp-json\/wp\/v2\/users\/6"}],"replies":[{"embeddable":true,"href":"https:\/\/tystofte2.dk.web08.webtohosting.dk\/en\/wp-json\/wp\/v2\/comments?post=17678"}],"version-history":[{"count":1,"href":"https:\/\/tystofte2.dk.web08.webtohosting.dk\/en\/wp-json\/wp\/v2\/pages\/17678\/revisions"}],"predecessor-version":[{"id":17679,"href":"https:\/\/tystofte2.dk.web08.webtohosting.dk\/en\/wp-json\/wp\/v2\/pages\/17678\/revisions\/17679"}],"up":[{"embeddable":true,"href":"https:\/\/tystofte2.dk.web08.webtohosting.dk\/en\/wp-json\/wp\/v2\/pages\/2073"}],"wp:attachment":[{"href":"https:\/\/tystofte2.dk.web08.webtohosting.dk\/en\/wp-json\/wp\/v2\/media?parent=17678"}],"curies":[{"name":"wp","href":"https:\/\/api.w.org\/{rel}","templated":true}]}}