{"id":16559,"date":"2023-04-11T16:00:42","date_gmt":"2023-04-11T14:00:42","guid":{"rendered":"https:\/\/tystofte2.dk.web08.webtohosting.dk\/results\/vp-aarsresultater\/2023-2\/"},"modified":"2024-09-09T13:42:33","modified_gmt":"2024-09-09T11:42:33","slug":"2023-2","status":"publish","type":"page","link":"https:\/\/tystofte2.dk.web08.webtohosting.dk\/en\/results\/vp-aarsresultater\/2023-2\/","title":{"rendered":"2023"},"content":{"rendered":"\n<p><a href=\"https:\/\/tystofte2.dk.web08.webtohosting.dk\/wp-content\/uploads\/2023\/12\/Bederoer-Fodder-and-Energy-beets-2023.pdf\">Foderroer 2023<\/a><br><a href=\"https:\/\/tystofte2.dk.web08.webtohosting.dk\/wp-content\/uploads\/2023\/10\/Havre-2023.pdf\">Havre 2023<\/a><br><a href=\"https:\/\/tystofte2.dk.web08.webtohosting.dk\/wp-content\/uploads\/2023\/10\/Markaert-2023-1.pdf\">Mark\u00e6rt 2023<\/a><br><a href=\"https:\/\/tystofte2.dk.web08.webtohosting.dk\/wp-content\/uploads\/2024\/04\/Smalbladet-lupin-2023.pdf\">Smalbladet lupin 2023<\/a><br><a href=\"https:\/\/tystofte2.dk.web08.webtohosting.dk\/wp-content\/uploads\/2023\/12\/Sukkerroe-Sugar-beets-2023.pdf\">Sukkerroer 2023<\/a><br><a href=\"https:\/\/tystofte2.dk.web08.webtohosting.dk\/wp-content\/uploads\/2023\/09\/Vinterbyg-2023.pdf\">Vinterbyg 2023<\/a><br><a href=\"https:\/\/tystofte2.dk.web08.webtohosting.dk\/wp-content\/uploads\/2023\/10\/Vinterhesteboenne-2023.pdf\">Vinterhesteb\u00f8nne 2023<\/a><br><a href=\"https:\/\/tystofte2.dk.web08.webtohosting.dk\/wp-content\/uploads\/2023\/09\/Vinterhvede-2023.pdf\">Vinterhvede 2023<\/a><br><a href=\"https:\/\/tystofte2.dk.web08.webtohosting.dk\/wp-content\/uploads\/2024\/03\/Vinterhvede-Bage-2023.pdf\">Vinterhvede, bagning 2023<\/a><br><a href=\"https:\/\/tystofte2.dk.web08.webtohosting.dk\/wp-content\/uploads\/2023\/09\/Vinterrug-2023.pdf\">Vinterrug 2023<\/a><br><a href=\"https:\/\/tystofte2.dk.web08.webtohosting.dk\/wp-content\/uploads\/2023\/09\/Vinterrug-korte-hybrider-2023.pdf\">Vinterrug, korte hybrider 2023<\/a><br><a href=\"https:\/\/tystofte2.dk.web08.webtohosting.dk\/wp-content\/uploads\/2023\/09\/Vinterraps-dvaerghybrider-2023.pdf\">Vinterraps, dv\u00e6rghybrider 2023<\/a><br><a href=\"https:\/\/tystofte2.dk.web08.webtohosting.dk\/wp-content\/uploads\/2023\/09\/Vinterraps-linjer-og-hybrider-2023.pdf\">Vinterraps, linjer og hybrider 2023<\/a><br><a href=\"https:\/\/tystofte2.dk.web08.webtohosting.dk\/wp-content\/uploads\/2023\/09\/Vaarbyg-2023.pdf\">V\u00e5rbyg 2023<\/a><br><a href=\"https:\/\/tystofte2.dk.web08.webtohosting.dk\/wp-content\/uploads\/2024\/01\/Vaarbyg-maltning-2023-1.pdf\">V\u00e5rbyg, maltning 2023<\/a><br><a href=\"https:\/\/tystofte2.dk.web08.webtohosting.dk\/wp-content\/uploads\/2023\/10\/Vaarhesteboenne-2023-1.pdf\">V\u00e5rhesteb\u00f8nne 2023<\/a><br><a href=\"https:\/\/tystofte2.dk.web08.webtohosting.dk\/wp-content\/uploads\/2023\/12\/Vaarhvede-2023.pdf\">V\u00e5rhvede 2023<\/a><br><a href=\"https:\/\/tystofte2.dk.web08.webtohosting.dk\/wp-content\/uploads\/2023\/11\/Vaarhvede-oekologisk-2023.pdf\">V\u00e5rhvede, \u00f8kologisk 2023<\/a><br><a href=\"https:\/\/tystofte2.dk.web08.webtohosting.dk\/wp-content\/uploads\/2023\/10\/Vaarraps-2023.pdf\">V\u00e5rraps 2023<\/a><\/p>\n","protected":false},"excerpt":{"rendered":"<p>Foderroer 2023Havre 2023Mark\u00e6rt 2023Smalbladet lupin 2023Sukkerroer 2023Vinterbyg 2023Vinterhesteb\u00f8nne 2023Vinterhvede 2023Vinterhvede, bagning 2023Vinterrug 2023Vinterrug, korte hybrider 2023Vinterraps, dv\u00e6rghybrider 2023Vinterraps, linjer og hybrider 2023V\u00e5rbyg 2023V\u00e5rbyg, maltning 2023V\u00e5rhesteb\u00f8nne 2023V\u00e5rhvede 2023V\u00e5rhvede, \u00f8kologisk 2023V\u00e5rraps 2023<\/p>\n","protected":false},"author":6,"featured_media":0,"parent":16423,"menu_order":105,"comment_status":"closed","ping_status":"closed","template":"","meta":{"_acf_changed":false,"footnotes":""},"class_list":["post-16559","page","type-page","status-publish","hentry"],"acf":[],"_links":{"self":[{"href":"https:\/\/tystofte2.dk.web08.webtohosting.dk\/en\/wp-json\/wp\/v2\/pages\/16559","targetHints":{"allow":["GET"]}}],"collection":[{"href":"https:\/\/tystofte2.dk.web08.webtohosting.dk\/en\/wp-json\/wp\/v2\/pages"}],"about":[{"href":"https:\/\/tystofte2.dk.web08.webtohosting.dk\/en\/wp-json\/wp\/v2\/types\/page"}],"author":[{"embeddable":true,"href":"https:\/\/tystofte2.dk.web08.webtohosting.dk\/en\/wp-json\/wp\/v2\/users\/6"}],"replies":[{"embeddable":true,"href":"https:\/\/tystofte2.dk.web08.webtohosting.dk\/en\/wp-json\/wp\/v2\/comments?post=16559"}],"version-history":[{"count":25,"href":"https:\/\/tystofte2.dk.web08.webtohosting.dk\/en\/wp-json\/wp\/v2\/pages\/16559\/revisions"}],"predecessor-version":[{"id":17688,"href":"https:\/\/tystofte2.dk.web08.webtohosting.dk\/en\/wp-json\/wp\/v2\/pages\/16559\/revisions\/17688"}],"up":[{"embeddable":true,"href":"https:\/\/tystofte2.dk.web08.webtohosting.dk\/en\/wp-json\/wp\/v2\/pages\/16423"}],"wp:attachment":[{"href":"https:\/\/tystofte2.dk.web08.webtohosting.dk\/en\/wp-json\/wp\/v2\/media?parent=16559"}],"curies":[{"name":"wp","href":"https:\/\/api.w.org\/{rel}","templated":true}]}}