{"id":16423,"date":"2019-06-05T09:33:05","date_gmt":"2019-06-05T08:33:05","guid":{"rendered":"https:\/\/tystofte2.dk.web08.webtohosting.dk\/results\/vp-aarsresultater\/"},"modified":"2026-04-10T12:34:44","modified_gmt":"2026-04-10T10:34:44","slug":"vp-aarsresultater","status":"publish","type":"page","link":"https:\/\/tystofte2.dk.web08.webtohosting.dk\/en\/results\/vp-aarsresultater\/","title":{"rendered":"VP-\u00e5rsresultater \/ VCU &#8211; Annual Summary"},"content":{"rendered":"\n<h4 class=\"wp-block-heading\">VP-\u00e5rsresultater \/ VCU &#8211; Annual Summary                                                                                                                                                        <\/h4>\n\n\n\n<p>Her finder du afpr\u00f8vningsresultater af udbytte, kvalitet, sygdomsresistens m.m. i landbrugsplanter med henblik p\u00e5 registrering p\u00e5 Dansk sortsliste.<\/p>\n\n\n\n<p><a href=\"https:\/\/tystofte2.dk.web08.webtohosting.dk\/en\/results\/vp-aarsresultater\/2025-2\/\">2025<\/a><br><a href=\"https:\/\/tystofte2.dk.web08.webtohosting.dk\/en\/results\/vp-aarsresultater\/2024-2\/\">2024<\/a><br><a href=\"https:\/\/tystofte2.dk.web08.webtohosting.dk\/en\/results\/vp-aarsresultater\/2023-2\/\">2023<\/a><br><a href=\"https:\/\/tystofte2.dk.web08.webtohosting.dk\/en\/results\/vp-aarsresultater\/2022-2\/\">2022<\/a><br><a href=\"https:\/\/tystofte2.dk.web08.webtohosting.dk\/en\/results\/vp-aarsresultater\/2021-2\/\">2021<\/a><\/p>\n","protected":false},"excerpt":{"rendered":"<p>VP-\u00e5rsresultater \/ VCU &#8211; Annual Summary Her finder du afpr\u00f8vningsresultater af udbytte, kvalitet, sygdomsresistens m.m. i landbrugsplanter med henblik p\u00e5 registrering p\u00e5 Dansk sortsliste. 20252024202320222021<\/p>\n","protected":false},"author":3,"featured_media":0,"parent":1437,"menu_order":40,"comment_status":"closed","ping_status":"closed","template":"","meta":{"_acf_changed":false,"footnotes":""},"class_list":["post-16423","page","type-page","status-publish","hentry"],"acf":[],"_links":{"self":[{"href":"https:\/\/tystofte2.dk.web08.webtohosting.dk\/en\/wp-json\/wp\/v2\/pages\/16423","targetHints":{"allow":["GET"]}}],"collection":[{"href":"https:\/\/tystofte2.dk.web08.webtohosting.dk\/en\/wp-json\/wp\/v2\/pages"}],"about":[{"href":"https:\/\/tystofte2.dk.web08.webtohosting.dk\/en\/wp-json\/wp\/v2\/types\/page"}],"author":[{"embeddable":true,"href":"https:\/\/tystofte2.dk.web08.webtohosting.dk\/en\/wp-json\/wp\/v2\/users\/3"}],"replies":[{"embeddable":true,"href":"https:\/\/tystofte2.dk.web08.webtohosting.dk\/en\/wp-json\/wp\/v2\/comments?post=16423"}],"version-history":[{"count":7,"href":"https:\/\/tystofte2.dk.web08.webtohosting.dk\/en\/wp-json\/wp\/v2\/pages\/16423\/revisions"}],"predecessor-version":[{"id":20030,"href":"https:\/\/tystofte2.dk.web08.webtohosting.dk\/en\/wp-json\/wp\/v2\/pages\/16423\/revisions\/20030"}],"up":[{"embeddable":true,"href":"https:\/\/tystofte2.dk.web08.webtohosting.dk\/en\/wp-json\/wp\/v2\/pages\/1437"}],"wp:attachment":[{"href":"https:\/\/tystofte2.dk.web08.webtohosting.dk\/en\/wp-json\/wp\/v2\/media?parent=16423"}],"curies":[{"name":"wp","href":"https:\/\/api.w.org\/{rel}","templated":true}]}}