{"id":16386,"date":"2022-04-01T08:34:11","date_gmt":"2022-04-01T06:34:11","guid":{"rendered":"https:\/\/tystofte2.dk.web08.webtohosting.dk\/2022-2\/"},"modified":"2023-03-17T08:00:37","modified_gmt":"2023-03-17T07:00:37","slug":"2022-2","status":"publish","type":"page","link":"https:\/\/tystofte2.dk.web08.webtohosting.dk\/en\/results\/vp-aarsresultater\/2022-2\/","title":{"rendered":"2022"},"content":{"rendered":"\n<p><a href=\"https:\/\/tystofte2.dk.web08.webtohosting.dk\/wp-content\/uploads\/2022\/11\/Bederoer-Fodder-and-Energy-beets-2022.pdf\">Bederoer til foder og energi 2022<br><\/a><a href=\"https:\/\/tystofte2.dk.web08.webtohosting.dk\/wp-content\/uploads\/2022\/12\/Hesteboenne-2022.pdf\">Hesteb\u00f8nne 2022<\/a><br><a href=\"https:\/\/tystofte2.dk.web08.webtohosting.dk\/wp-content\/uploads\/2022\/09\/Havre-2022.pdf\">Havre 2022<\/a><br><a href=\"https:\/\/tystofte2.dk.web08.webtohosting.dk\/wp-content\/uploads\/2022\/12\/Hvidblomstret-lupin-2022.pdf\">Hvidblomstret lupin 2022<\/a><br><a href=\"https:\/\/tystofte2.dk.web08.webtohosting.dk\/wp-content\/uploads\/2022\/12\/Majs-2022.pdf\">Majs 2022<\/a><br><a href=\"https:\/\/tystofte2.dk.web08.webtohosting.dk\/wp-content\/uploads\/2022\/10\/Markaert-2022.pdf\">Mark\u00e6rt 2022<\/a><br><a href=\"https:\/\/tystofte2.dk.web08.webtohosting.dk\/wp-content\/uploads\/2022\/12\/Smalbladet-lupin-2022.pdf\">Smalbladet lupin 2022<\/a><br><a href=\"https:\/\/tystofte2.dk.web08.webtohosting.dk\/wp-content\/uploads\/2022\/11\/Sukkerroe-Sugar-Beets-2022.pdf\">Sukkerroer 2022<br><\/a><a href=\"https:\/\/tystofte2.dk.web08.webtohosting.dk\/wp-content\/uploads\/2023\/02\/Vinterbyg-2022-1.pdf\">Vinterbyg 2022<\/a><br><a href=\"https:\/\/tystofte2.dk.web08.webtohosting.dk\/wp-content\/uploads\/2022\/12\/Vinterhesteboenne-2022-1.pdf\">Vinterhesteb\u00f8nne 2022<\/a><br><a href=\"https:\/\/tystofte2.dk.web08.webtohosting.dk\/wp-content\/uploads\/2023\/02\/Vinterhvede-2022.pdf\">Vinterhvede 2022<\/a><br><a href=\"https:\/\/tystofte2.dk.web08.webtohosting.dk\/wp-content\/uploads\/2023\/02\/Vinterhvede-bagning-2022-2.pdf\">Vinterhvede, bagning 2022<\/a><br><a href=\"https:\/\/tystofte2.dk.web08.webtohosting.dk\/wp-content\/uploads\/2022\/10\/Vinterraps-dvaerghybrider-2022.pdf\">Vinterraps dv\u00e6rghybrider 2022<\/a><br><a href=\"https:\/\/tystofte2.dk.web08.webtohosting.dk\/wp-content\/uploads\/2022\/10\/Vinterraps-linjer-og-hybrider-2022.pdf\">Vinterraps linjer og hybrider 2022<\/a><br><a href=\"https:\/\/tystofte2.dk.web08.webtohosting.dk\/wp-content\/uploads\/2023\/02\/Vinterrug-2022.pdf\">Vinterrug 2022<\/a><br><a href=\"https:\/\/tystofte2.dk.web08.webtohosting.dk\/wp-content\/uploads\/2023\/02\/Vaarbyg-2022-1.pdf\">V\u00e5rbyg 2022<\/a><br><a href=\"https:\/\/tystofte2.dk.web08.webtohosting.dk\/wp-content\/uploads\/2023\/01\/Vaarbyg-maltning-2022-1.pdf\">V\u00e5rbyg, maltning 2022<\/a><br><a href=\"https:\/\/tystofte2.dk.web08.webtohosting.dk\/wp-content\/uploads\/2022\/10\/Vaarbyg-oekologisk-2022-1.pdf\">V\u00e5rbyg, \u00f8kologisk 2022<\/a><br><a href=\"https:\/\/tystofte2.dk.web08.webtohosting.dk\/wp-content\/uploads\/2022\/11\/Vaarhesteboenne-2022.pdf\">V\u00e5rhesteb\u00f8nne 2022<\/a><br><a href=\"https:\/\/tystofte2.dk.web08.webtohosting.dk\/wp-content\/uploads\/2022\/12\/Vaarhvede-2022.pdf\">V\u00e5rhvede 2022<\/a><br><a href=\"https:\/\/tystofte2.dk.web08.webtohosting.dk\/wp-content\/uploads\/2022\/12\/Vaarhvede-oekologisk-2022-1.pdf\">V\u00e5rhvede, \u00f8kologisk 2022<\/a><\/p>\n","protected":false},"excerpt":{"rendered":"<p>Bederoer til foder og energi 2022Hesteb\u00f8nne 2022Havre 2022Hvidblomstret lupin 2022Majs 2022Mark\u00e6rt 2022Smalbladet lupin 2022Sukkerroer 2022Vinterbyg 2022Vinterhesteb\u00f8nne 2022Vinterhvede 2022Vinterhvede, bagning 2022Vinterraps dv\u00e6rghybrider 2022Vinterraps linjer og hybrider 2022Vinterrug 2022V\u00e5rbyg 2022V\u00e5rbyg, maltning 2022V\u00e5rbyg, \u00f8kologisk 2022V\u00e5rhesteb\u00f8nne 2022V\u00e5rhvede 2022V\u00e5rhvede, \u00f8kologisk 2022<\/p>\n","protected":false},"author":6,"featured_media":0,"parent":16423,"menu_order":107,"comment_status":"closed","ping_status":"closed","template":"","meta":{"_acf_changed":false,"footnotes":""},"class_list":["post-16386","page","type-page","status-publish","hentry"],"acf":[],"_links":{"self":[{"href":"https:\/\/tystofte2.dk.web08.webtohosting.dk\/en\/wp-json\/wp\/v2\/pages\/16386","targetHints":{"allow":["GET"]}}],"collection":[{"href":"https:\/\/tystofte2.dk.web08.webtohosting.dk\/en\/wp-json\/wp\/v2\/pages"}],"about":[{"href":"https:\/\/tystofte2.dk.web08.webtohosting.dk\/en\/wp-json\/wp\/v2\/types\/page"}],"author":[{"embeddable":true,"href":"https:\/\/tystofte2.dk.web08.webtohosting.dk\/en\/wp-json\/wp\/v2\/users\/6"}],"replies":[{"embeddable":true,"href":"https:\/\/tystofte2.dk.web08.webtohosting.dk\/en\/wp-json\/wp\/v2\/comments?post=16386"}],"version-history":[{"count":1,"href":"https:\/\/tystofte2.dk.web08.webtohosting.dk\/en\/wp-json\/wp\/v2\/pages\/16386\/revisions"}],"predecessor-version":[{"id":16387,"href":"https:\/\/tystofte2.dk.web08.webtohosting.dk\/en\/wp-json\/wp\/v2\/pages\/16386\/revisions\/16387"}],"up":[{"embeddable":true,"href":"https:\/\/tystofte2.dk.web08.webtohosting.dk\/en\/wp-json\/wp\/v2\/pages\/16423"}],"wp:attachment":[{"href":"https:\/\/tystofte2.dk.web08.webtohosting.dk\/en\/wp-json\/wp\/v2\/media?parent=16386"}],"curies":[{"name":"wp","href":"https:\/\/api.w.org\/{rel}","templated":true}]}}