{"id":13965,"date":"2021-08-03T10:05:37","date_gmt":"2021-08-03T08:05:37","guid":{"rendered":"https:\/\/tystofte2.dk.web08.webtohosting.dk\/2021-2\/"},"modified":"2022-03-08T11:03:16","modified_gmt":"2022-03-08T10:03:16","slug":"2021-2","status":"publish","type":"page","link":"https:\/\/tystofte2.dk.web08.webtohosting.dk\/en\/results\/vp-aarsresultater\/2021-2\/","title":{"rendered":"2021"},"content":{"rendered":"\n<p><a href=\"https:\/\/tystofte2.dk.web08.webtohosting.dk\/wp-content\/uploads\/2021\/12\/Havre-2021-1.pdf\">Havre 2021<\/a><br><a href=\"https:\/\/tystofte2.dk.web08.webtohosting.dk\/wp-content\/uploads\/2021\/10\/Hesteboenne-2021-1.pdf\">Hesteb\u00f8nner 2021<\/a><br><a href=\"https:\/\/tystofte2.dk.web08.webtohosting.dk\/wp-content\/uploads\/2021\/11\/Majs-2021.pdf\">Majs 2021<\/a><br><a href=\"https:\/\/tystofte2.dk.web08.webtohosting.dk\/wp-content\/uploads\/2021\/10\/Markaert-2021.pdf\">Mark\u00e6rt 2021<\/a><br><a href=\"https:\/\/tystofte2.dk.web08.webtohosting.dk\/wp-content\/uploads\/2021\/11\/Bederoer-Fodder-and-Energy-beets-2021.pdf\">Sukkerroer og bederoer til energi 2021<\/a><br><a href=\"https:\/\/tystofte2.dk.web08.webtohosting.dk\/wp-content\/uploads\/2022\/01\/Vinterbyg-2021.pdf\">Vinterbyg 2021<\/a><br><a href=\"https:\/\/tystofte2.dk.web08.webtohosting.dk\/wp-content\/uploads\/2022\/01\/Vinterhvede-2021-1.pdf\">Vinterhvede 2021<\/a><br><a href=\"https:\/\/tystofte2.dk.web08.webtohosting.dk\/wp-content\/uploads\/2022\/01\/Vinterhvede-Bage-2021-4.pdf\">Vinterhvede, bagning 2021<\/a><br><a href=\"https:\/\/tystofte2.dk.web08.webtohosting.dk\/wp-content\/uploads\/2021\/11\/Vinterraps-dvaerghybrider-2021.pdf\">Vinterraps, dv\u00e6rghybrider 2021<\/a><br><a href=\"https:\/\/tystofte2.dk.web08.webtohosting.dk\/wp-content\/uploads\/2021\/11\/Vinterraps-linjer-og-hybrider-2021.pdf\">Vinterraps, linjer og hybrider 2021<\/a><br><a href=\"https:\/\/tystofte2.dk.web08.webtohosting.dk\/wp-content\/uploads\/2021\/12\/Vinterrug-2021.pdf\">Vinterrug 2021<\/a><br><a href=\"https:\/\/tystofte2.dk.web08.webtohosting.dk\/wp-content\/uploads\/2021\/12\/Vaarbyg-2021.pdf\">V\u00e5rbyg 2021<\/a><br><a href=\"https:\/\/tystofte2.dk.web08.webtohosting.dk\/wp-content\/uploads\/2022\/01\/Vaarbyg-maltning-2021-3.pdf\">V\u00e5rbyg, maltning 2021<\/a><br><a href=\"https:\/\/tystofte2.dk.web08.webtohosting.dk\/wp-content\/uploads\/2021\/11\/Vaarbyg-oekologisk-2021.pdf\">V\u00e5rbyg, \u00f8kologisk 2021<\/a><br><a href=\"https:\/\/tystofte2.dk.web08.webtohosting.dk\/wp-content\/uploads\/2021\/11\/Vaarhvede-2021.pdf\">V\u00e5rhvede 2021<\/a><br><\/p>\n","protected":false},"excerpt":{"rendered":"<p>Havre 2021Hesteb\u00f8nner 2021Majs 2021Mark\u00e6rt 2021Sukkerroer og bederoer til energi 2021Vinterbyg 2021Vinterhvede 2021Vinterhvede, bagning 2021Vinterraps, dv\u00e6rghybrider 2021Vinterraps, linjer og hybrider 2021Vinterrug 2021V\u00e5rbyg 2021V\u00e5rbyg, maltning 2021V\u00e5rbyg, \u00f8kologisk 2021V\u00e5rhvede 2021<\/p>\n","protected":false},"author":6,"featured_media":0,"parent":16423,"menu_order":108,"comment_status":"closed","ping_status":"closed","template":"","meta":{"_acf_changed":false,"footnotes":""},"class_list":["post-13965","page","type-page","status-publish","hentry"],"acf":[],"_links":{"self":[{"href":"https:\/\/tystofte2.dk.web08.webtohosting.dk\/en\/wp-json\/wp\/v2\/pages\/13965","targetHints":{"allow":["GET"]}}],"collection":[{"href":"https:\/\/tystofte2.dk.web08.webtohosting.dk\/en\/wp-json\/wp\/v2\/pages"}],"about":[{"href":"https:\/\/tystofte2.dk.web08.webtohosting.dk\/en\/wp-json\/wp\/v2\/types\/page"}],"author":[{"embeddable":true,"href":"https:\/\/tystofte2.dk.web08.webtohosting.dk\/en\/wp-json\/wp\/v2\/users\/6"}],"replies":[{"embeddable":true,"href":"https:\/\/tystofte2.dk.web08.webtohosting.dk\/en\/wp-json\/wp\/v2\/comments?post=13965"}],"version-history":[{"count":41,"href":"https:\/\/tystofte2.dk.web08.webtohosting.dk\/en\/wp-json\/wp\/v2\/pages\/13965\/revisions"}],"predecessor-version":[{"id":14654,"href":"https:\/\/tystofte2.dk.web08.webtohosting.dk\/en\/wp-json\/wp\/v2\/pages\/13965\/revisions\/14654"}],"up":[{"embeddable":true,"href":"https:\/\/tystofte2.dk.web08.webtohosting.dk\/en\/wp-json\/wp\/v2\/pages\/16423"}],"wp:attachment":[{"href":"https:\/\/tystofte2.dk.web08.webtohosting.dk\/en\/wp-json\/wp\/v2\/media?parent=13965"}],"curies":[{"name":"wp","href":"https:\/\/api.w.org\/{rel}","templated":true}]}}