{"id":13751,"date":"2019-06-05T10:13:55","date_gmt":"2019-06-05T09:13:55","guid":{"rendered":"https:\/\/tystofte2.dk.web08.webtohosting.dk\/testing\/obs-markplaner\/"},"modified":"2024-04-17T08:34:51","modified_gmt":"2024-04-17T06:34:51","slug":"obs-markplaner","status":"publish","type":"page","link":"https:\/\/tystofte2.dk.web08.webtohosting.dk\/en\/testing\/obs-markplaner\/","title":{"rendered":"OBS markplaner &#8211; Field plans"},"content":{"rendered":"\n<p><a href=\"https:\/\/tystofte2.dk.web08.webtohosting.dk\/wp-content\/uploads\/2023\/11\/Markplaner-OBS-2024-vinter-1.pdf\">OBS markplaner 2024 vinters\u00e6d &#8211; OBS field plans 2024 winter cereals<\/a><\/p>\n\n\n\n<p><a href=\"https:\/\/tystofte2.dk.web08.webtohosting.dk\/wp-content\/uploads\/2023\/05\/OBS-vaarsaed-2023-markbog-alle-steder.pdf\">OBS markplaner 2023 v\u00e5rs\u00e6d &#8211; OBS field plans 2023 spring cereals<\/a><br><a href=\"https:\/\/tystofte2.dk.web08.webtohosting.dk\/wp-content\/uploads\/2023\/02\/Gul-bog-vinter-2023.pdf\">OBS markplaner 2023 vinters\u00e6d &#8211; OBS field plans 2023 winter cereals<\/a><\/p>\n\n\n\n<p><a href=\"https:\/\/tystofte2.dk.web08.webtohosting.dk\/wp-content\/uploads\/2022\/06\/Gul-bog-vaarsaed-2022.pdf\">OBS markplaner 2022 v\u00e5rs\u00e6d &#8211; OBS field plans 2022 spring cereals<\/a><br><a href=\"https:\/\/tystofte2.dk.web08.webtohosting.dk\/wp-content\/uploads\/2021\/11\/Observationsparceller-2022-vinter.pdf\">OBS markplaner 2022 vinters\u00e6d &#8211; OBS field plans 2022 winter cereals<\/a><\/p>\n\n\n\n<p><a href=\"https:\/\/tystofte2.dk.web08.webtohosting.dk\/wp-content\/uploads\/2021\/05\/Samlet-gul-bog-vaarsaed-2021.pdf\">OBS markplaner 2021 v\u00e5rs\u00e6d &#8211; OBS field plans 2021 spring cereals<\/a><br><a href=\"https:\/\/tystofte2.dk.web08.webtohosting.dk\/wp-content\/uploads\/2021\/05\/OBS-2021-Markplaner-vintersaed.pdf\">OBS markplaner 2021 vinters\u00e6d &#8211; OBS field plans 2021 winter cereals<\/a><\/p>\n\n\n\n<p><a href=\"https:\/\/tystofte2.dk.web08.webtohosting.dk\/wp-content\/uploads\/2020\/06\/OBS-v\u00e5rs\u00e6d-2020-markplan-til-hjemmeside.pdf\">OBS markplaner 2020 v\u00e5rs\u00e6d &#8211; OBS field plans 2020 spring cereals<\/a><br><a href=\"https:\/\/tystofte2.dk.web08.webtohosting.dk\/wp-content\/uploads\/2019\/12\/OBS-markplaner-2020-vinters\u00e6d_2.pdf\">OBS markplaner 2020 vinters\u00e6d &#8211; OBS field plans 2020 winter cereals<\/a><\/p>\n\n\n\n<p><a rel=\"noreferrer noopener\" href=\"https:\/\/tystofte2.dk.web08.webtohosting.dk\/wp-content\/uploads\/2019\/06\/markplaner-obs-2019-vaarsaed.pdf\" target=\"_blank\">OBS markplaner 2019 v\u00e5rs\u00e6d &#8211; OBS field plans 2019 spring cereals<\/a><br><a rel=\"noreferrer noopener\" href=\"https:\/\/tystofte2.dk.web08.webtohosting.dk\/wp-content\/uploads\/2019\/02\/markplaner-obs-2019-vintersaed.pdf\" target=\"_blank\">OBS markplaner 2019 vinters\u00e6d &#8211; OBS field plans 2019 winter cereals<\/a> <\/p>\n\n\n\n<p><a rel=\"noreferrer noopener\" href=\"https:\/\/tystofte2.dk.web08.webtohosting.dk\/wp-content\/uploads\/2018\/06\/obs-markplaner-2018-vaarsaed.pdf\" target=\"_blank\">OBS markplaner 2018 v\u00e5rs\u00e6d &#8211; OBS field plans 2018 spring cereals<\/a><br><a rel=\"noreferrer noopener\" href=\"https:\/\/tystofte2.dk.web08.webtohosting.dk\/wp-content\/uploads\/2017\/12\/obs-markplaner-2018-vintersaed.pdf\" target=\"_blank\">OBS markplaner 2018 vinters\u00e6d &#8211; OBS field plans 2018 winter cereals<\/a><\/p>\n\n\n\n<p><a rel=\"noreferrer noopener\" href=\"https:\/\/tystofte2.dk.web08.webtohosting.dk\/wp-content\/uploads\/2017\/06\/markplaner-obs-vaarsaed-2017-alle.pdf\" target=\"_blank\">OBS markplaner 2017 v\u00e5rs\u00e6d &#8211; OBS field plans 2017 spring cereals<\/a><br><a rel=\"noreferrer noopener\" href=\"https:\/\/tystofte2.dk.web08.webtohosting.dk\/wp-content\/uploads\/2016\/11\/markplaner-obs-2017-vintersaed.pdf\" target=\"_blank\">OBS markplaner 2017 vinters\u00e6d &#8211; OBS field plans 2017 winter cereals<\/a> <\/p>\n\n\n\n<p><a rel=\"noreferrer noopener\" href=\"https:\/\/tystofte2.dk.web08.webtohosting.dk\/wp-content\/uploads\/2016\/07\/obs-markplaner-2016-vaarsaed-obs-field-map-2016-springseed.pdf\" target=\"_blank\">OBS markplaner 2016 v\u00e5rs\u00e6d &#8211; OBS field plans 2016 spring cereals<\/a><br><a rel=\"noreferrer noopener\" href=\"https:\/\/tystofte2.dk.web08.webtohosting.dk\/wp-content\/uploads\/2015\/12\/obs-markplaner-2016-vintersaed-obs-field-map-2016-wintersee.pdf\" target=\"_blank\">OBS markplaner 2016 vinters\u00e6d &#8211; OBS field plans 2016 winter cereals<\/a> <\/p>\n\n\n\n<p><a rel=\"noreferrer noopener\" href=\"https:\/\/tystofte2.dk.web08.webtohosting.dk\/wp-content\/uploads\/2015\/12\/obs-markplaner-2015-vaarsaed-obs-field-map-2015-springseed.pdf\" target=\"_blank\">OBS markplaner 2015 v\u00e5rs\u00e6d &#8211; OBS field plans 2015 spring cereals<\/a><br><a rel=\"noreferrer noopener\" href=\"https:\/\/tystofte2.dk.web08.webtohosting.dk\/wp-content\/uploads\/2015\/12\/obs-markplaner-2015-vintersaed-obs-field-map-2015-wintersee.pdf\" target=\"_blank\">OBS markplaner 2015 vinters\u00e6d &#8211; OBS field plans 2015 winter cereals<\/a><\/p>\n\n\n\n<p><a rel=\"noreferrer noopener\" href=\"https:\/\/tystofte2.dk.web08.webtohosting.dk\/wp-content\/uploads\/2015\/12\/obs-markplaner-2014-vintersaed-obs-field-map-2014-wintersee.pdf\" target=\"_blank\">OBS markplaner 2014 vinters\u00e6d &#8211; OBS field plans 2014 winter cereals<\/a><\/p>\n\n\n\n<p><a rel=\"noreferrer noopener\" href=\"https:\/\/tystofte2.dk.web08.webtohosting.dk\/wp-content\/uploads\/2015\/12\/obs-markplaner-2013-vintersaed-obs-field-map-2013-wintersee.pdf\" target=\"_blank\">OBS markplaner 2013 vinters\u00e6d &#8211; OBS field plans 2013 winter cereals<\/a><\/p>\n","protected":false},"excerpt":{"rendered":"<p>OBS markplaner 2024 vinters\u00e6d &#8211; OBS field plans 2024 winter cereals OBS markplaner 2023 v\u00e5rs\u00e6d &#8211; OBS field plans 2023 spring cerealsOBS markplaner 2023 vinters\u00e6d &#8211; OBS field plans 2023 winter cereals OBS markplaner 2022 v\u00e5rs\u00e6d &#8211; OBS field plans 2022 spring cerealsOBS markplaner 2022 vinters\u00e6d &#8211; OBS field plans 2022 winter cereals OBS markplaner [&hellip;]<\/p>\n","protected":false},"author":3,"featured_media":0,"parent":1435,"menu_order":21,"comment_status":"closed","ping_status":"closed","template":"","meta":{"_acf_changed":false,"footnotes":""},"class_list":["post-13751","page","type-page","status-publish","hentry"],"acf":[],"_links":{"self":[{"href":"https:\/\/tystofte2.dk.web08.webtohosting.dk\/en\/wp-json\/wp\/v2\/pages\/13751","targetHints":{"allow":["GET"]}}],"collection":[{"href":"https:\/\/tystofte2.dk.web08.webtohosting.dk\/en\/wp-json\/wp\/v2\/pages"}],"about":[{"href":"https:\/\/tystofte2.dk.web08.webtohosting.dk\/en\/wp-json\/wp\/v2\/types\/page"}],"author":[{"embeddable":true,"href":"https:\/\/tystofte2.dk.web08.webtohosting.dk\/en\/wp-json\/wp\/v2\/users\/3"}],"replies":[{"embeddable":true,"href":"https:\/\/tystofte2.dk.web08.webtohosting.dk\/en\/wp-json\/wp\/v2\/comments?post=13751"}],"version-history":[{"count":3,"href":"https:\/\/tystofte2.dk.web08.webtohosting.dk\/en\/wp-json\/wp\/v2\/pages\/13751\/revisions"}],"predecessor-version":[{"id":17683,"href":"https:\/\/tystofte2.dk.web08.webtohosting.dk\/en\/wp-json\/wp\/v2\/pages\/13751\/revisions\/17683"}],"up":[{"embeddable":true,"href":"https:\/\/tystofte2.dk.web08.webtohosting.dk\/en\/wp-json\/wp\/v2\/pages\/1435"}],"wp:attachment":[{"href":"https:\/\/tystofte2.dk.web08.webtohosting.dk\/en\/wp-json\/wp\/v2\/media?parent=13751"}],"curies":[{"name":"wp","href":"https:\/\/api.w.org\/{rel}","templated":true}]}}