{"id":13699,"date":"2019-06-05T10:03:24","date_gmt":"2019-06-05T09:03:24","guid":{"rendered":"https:\/\/tystofte2.dk.web08.webtohosting.dk\/testing\/vp-forsoegsplaner\/"},"modified":"2024-04-17T08:37:20","modified_gmt":"2024-04-17T06:37:20","slug":"vp-forsoegsplaner","status":"publish","type":"page","link":"https:\/\/tystofte2.dk.web08.webtohosting.dk\/en\/testing\/vp-forsoegsplaner\/","title":{"rendered":"VP fors\u00f8gsplaner"},"content":{"rendered":"\n<h1 class=\"wp-block-heading\">VP fors\u00f8gsplaner<\/h1>\n\n\n\n<p><strong>In Danish only<\/strong><\/p>\n\n\n\n<p><a href=\"https:\/\/tystofte2.dk.web08.webtohosting.dk\/wp-content\/uploads\/2024\/02\/FSPLANER-24.pdf\">VP-fors\u00f8gsplaner 2024<\/a><br><a href=\"https:\/\/tystofte2.dk.web08.webtohosting.dk\/wp-content\/uploads\/2023\/04\/FSPLANER-23.pdf\">VP-fors\u00f8gsplaner 2023<\/a><br><a href=\"https:\/\/tystofte2.dk.web08.webtohosting.dk\/wp-content\/uploads\/2022\/04\/FSPLANER-22.pdf\">VP-fors\u00f8gsplaner 2022<\/a><br><a href=\"https:\/\/tystofte2.dk.web08.webtohosting.dk\/wp-content\/uploads\/2021\/03\/FSPLANER-21-2.pdf\">VP-fors\u00f8gsplaner 2021<\/a><br><a href=\"https:\/\/tystofte2.dk.web08.webtohosting.dk\/wp-content\/uploads\/2020\/05\/FSPLANER-20.pdf\">VP-fors\u00f8gsplaner 2020<\/a><br><a href=\"https:\/\/tystofte2.dk.web08.webtohosting.dk\/wp-content\/uploads\/2019\/05\/fsplaner-19.pdf\" target=\"_blank\" rel=\"noreferrer noopener\">VP-<\/a><a aria-label=\"fors\u00f8gsplaner  (\u00e5bner i en ny fane)\" href=\"https:\/\/tystofte2.dk.web08.webtohosting.dk\/wp-content\/uploads\/2019\/07\/FSPLANER-19.pdf\" target=\"_blank\" rel=\"noreferrer noopener\">fors\u00f8gsplaner <\/a><a href=\"https:\/\/tystofte2.dk.web08.webtohosting.dk\/wp-content\/uploads\/2019\/05\/fsplaner-19.pdf\" target=\"_blank\" rel=\"noreferrer noopener\">2019<\/a><br><a aria-label=\" (\u00e5bner i en ny fane)\" href=\"https:\/\/tystofte2.dk.web08.webtohosting.dk\/wp-content\/uploads\/2019\/07\/FSPLANER-18.pdf\" target=\"_blank\" rel=\"noreferrer noopener\">VP-fors\u00f8gsplaner 2018<\/a><br><a href=\"https:\/\/tystofte2.dk.web08.webtohosting.dk\/wp-content\/uploads\/2017\/05\/fsplaner-17.pdf\" target=\"_blank\" rel=\"noreferrer noopener\">VP-fors\u00f8gsplaner 2017<\/a><br><a href=\"https:\/\/tystofte2.dk.web08.webtohosting.dk\/wp-content\/uploads\/2016\/04\/fsplaner-16.pdf\" target=\"_blank\" rel=\"noreferrer noopener\">VP-fors\u00f8gsplaner 2016<\/a><br><a href=\"https:\/\/tystofte2.dk.web08.webtohosting.dk\/wp-content\/uploads\/2015\/09\/fs-protokoller-2015.pdf\" target=\"_blank\" rel=\"noreferrer noopener\">VP-fors\u00f8gsplaner 2015<\/a><br><a href=\"https:\/\/tystofte2.dk.web08.webtohosting.dk\/wp-content\/uploads\/2015\/09\/fs-protokoller-2014.pdf\" target=\"_blank\" rel=\"noreferrer noopener\">VP-fors\u00f8gsplaner 2014<\/a><br><a href=\"https:\/\/tystofte2.dk.web08.webtohosting.dk\/wp-content\/uploads\/2015\/09\/fs-protokoller-2013.pdf\" target=\"_blank\" rel=\"noreferrer noopener\">VP-fors\u00f8gsplaner 2013<\/a><\/p>\n","protected":false},"excerpt":{"rendered":"<p>VP fors\u00f8gsplaner In Danish only VP-fors\u00f8gsplaner 2024VP-fors\u00f8gsplaner 2023VP-fors\u00f8gsplaner 2022VP-fors\u00f8gsplaner 2021VP-fors\u00f8gsplaner 2020VP-fors\u00f8gsplaner 2019VP-fors\u00f8gsplaner 2018VP-fors\u00f8gsplaner 2017VP-fors\u00f8gsplaner 2016VP-fors\u00f8gsplaner 2015VP-fors\u00f8gsplaner 2014VP-fors\u00f8gsplaner 2013<\/p>\n","protected":false},"author":3,"featured_media":0,"parent":1435,"menu_order":24,"comment_status":"closed","ping_status":"closed","template":"","meta":{"_acf_changed":false,"footnotes":""},"class_list":["post-13699","page","type-page","status-publish","hentry"],"acf":[],"_links":{"self":[{"href":"https:\/\/tystofte2.dk.web08.webtohosting.dk\/en\/wp-json\/wp\/v2\/pages\/13699","targetHints":{"allow":["GET"]}}],"collection":[{"href":"https:\/\/tystofte2.dk.web08.webtohosting.dk\/en\/wp-json\/wp\/v2\/pages"}],"about":[{"href":"https:\/\/tystofte2.dk.web08.webtohosting.dk\/en\/wp-json\/wp\/v2\/types\/page"}],"author":[{"embeddable":true,"href":"https:\/\/tystofte2.dk.web08.webtohosting.dk\/en\/wp-json\/wp\/v2\/users\/3"}],"replies":[{"embeddable":true,"href":"https:\/\/tystofte2.dk.web08.webtohosting.dk\/en\/wp-json\/wp\/v2\/comments?post=13699"}],"version-history":[{"count":3,"href":"https:\/\/tystofte2.dk.web08.webtohosting.dk\/en\/wp-json\/wp\/v2\/pages\/13699\/revisions"}],"predecessor-version":[{"id":17685,"href":"https:\/\/tystofte2.dk.web08.webtohosting.dk\/en\/wp-json\/wp\/v2\/pages\/13699\/revisions\/17685"}],"up":[{"embeddable":true,"href":"https:\/\/tystofte2.dk.web08.webtohosting.dk\/en\/wp-json\/wp\/v2\/pages\/1435"}],"wp:attachment":[{"href":"https:\/\/tystofte2.dk.web08.webtohosting.dk\/en\/wp-json\/wp\/v2\/media?parent=13699"}],"curies":[{"name":"wp","href":"https:\/\/api.w.org\/{rel}","templated":true}]}}