{"id":13687,"date":"2020-09-21T08:37:34","date_gmt":"2020-09-21T06:37:34","guid":{"rendered":"https:\/\/tystofte2.dk.web08.webtohosting.dk\/testing\/vcu-field-plans\/vp-markplaner-2021\/"},"modified":"2021-06-07T12:14:41","modified_gmt":"2021-06-07T10:14:41","slug":"vp-markplaner-2021","status":"publish","type":"page","link":"https:\/\/tystofte2.dk.web08.webtohosting.dk\/en\/testing\/vcu-field-plans\/vp-markplaner-2021\/","title":{"rendered":"VCU field plans 2021"},"content":{"rendered":"\n<p><strong>Only in Danish<br><\/strong><br><a href=\"https:\/\/tystofte2.dk.web08.webtohosting.dk\/wp-content\/uploads\/2020\/09\/Vinterraps-Abildg\u00e5rd-2021.pdf\">Vinterraps, Abildg\u00e5rd 2021<\/a><br><a href=\"https:\/\/tystofte2.dk.web08.webtohosting.dk\/wp-content\/uploads\/2020\/12\/Vinters\u00e6d-Abildg\u00e5rd-2021.pdf\">Vinters\u00e6d, korn, Abildg\u00e5rd 2021<\/a><br><a href=\"https:\/\/tystofte2.dk.web08.webtohosting.dk\/wp-content\/uploads\/2021\/05\/Vinterraps-Tystofte-2021.pdf\">Vinterraps, Tystofte 2021<\/a> &#8211; Rettet 10-05-2021<br><a href=\"https:\/\/tystofte2.dk.web08.webtohosting.dk\/wp-content\/uploads\/2020\/10\/Vinters\u00e6d-korn-Tystofte-2021.pdf\">Vinters\u00e6d, korn, Tystofte 2021<\/a><br><a href=\"https:\/\/tystofte2.dk.web08.webtohosting.dk\/wp-content\/uploads\/2020\/10\/Vinters\u00e6d-Sejet.pdf\">Vinters\u00e6d, korn, Sejet 2021<\/a><br><a href=\"https:\/\/tystofte2.dk.web08.webtohosting.dk\/wp-content\/uploads\/2020\/10\/Vinters\u00e6d-Nordic-Seed-2021.pdf\">Vinters\u00e6d, korn, Lolland-Falster 2021<\/a><br><a href=\"https:\/\/tystofte2.dk.web08.webtohosting.dk\/wp-content\/uploads\/2021\/04\/Vaarsaed-Sejet-2021.pdf\">V\u00e5rs\u00e6d, Sejet 2021<\/a><br><a href=\"https:\/\/tystofte2.dk.web08.webtohosting.dk\/wp-content\/uploads\/2021\/06\/Varsaed-Tystofte-2021.pdf\">V\u00e5rs\u00e6d, Tystofte 2021<\/a><br><a href=\"https:\/\/tystofte2.dk.web08.webtohosting.dk\/wp-content\/uploads\/2021\/05\/Vaarsaed-Nordic-Seed-2021-1.pdf\">V\u00e5rs\u00e6d, Nordic Seed 2021<\/a><br><a href=\"https:\/\/tystofte2.dk.web08.webtohosting.dk\/wp-content\/uploads\/2021\/05\/Graes-og-kloever-Tystofte-2021.pdf\">Gr\u00e6s og kl\u00f8ver, Tystofte 2021<\/a><\/p>\n\n\n\n<p><\/p>\n","protected":false},"excerpt":{"rendered":"<p>Only in DanishVinterraps, Abildg\u00e5rd 2021Vinters\u00e6d, korn, Abildg\u00e5rd 2021Vinterraps, Tystofte 2021 &#8211; Rettet 10-05-2021Vinters\u00e6d, korn, Tystofte 2021Vinters\u00e6d, korn, Sejet 2021Vinters\u00e6d, korn, Lolland-Falster 2021V\u00e5rs\u00e6d, Sejet 2021V\u00e5rs\u00e6d, Tystofte 2021V\u00e5rs\u00e6d, Nordic Seed 2021Gr\u00e6s og kl\u00f8ver, Tystofte 2021<\/p>\n","protected":false},"author":6,"featured_media":0,"parent":2073,"menu_order":45,"comment_status":"closed","ping_status":"closed","template":"","meta":{"_acf_changed":false,"footnotes":""},"class_list":["post-13687","page","type-page","status-publish","hentry"],"acf":[],"_links":{"self":[{"href":"https:\/\/tystofte2.dk.web08.webtohosting.dk\/en\/wp-json\/wp\/v2\/pages\/13687","targetHints":{"allow":["GET"]}}],"collection":[{"href":"https:\/\/tystofte2.dk.web08.webtohosting.dk\/en\/wp-json\/wp\/v2\/pages"}],"about":[{"href":"https:\/\/tystofte2.dk.web08.webtohosting.dk\/en\/wp-json\/wp\/v2\/types\/page"}],"author":[{"embeddable":true,"href":"https:\/\/tystofte2.dk.web08.webtohosting.dk\/en\/wp-json\/wp\/v2\/users\/6"}],"replies":[{"embeddable":true,"href":"https:\/\/tystofte2.dk.web08.webtohosting.dk\/en\/wp-json\/wp\/v2\/comments?post=13687"}],"version-history":[{"count":5,"href":"https:\/\/tystofte2.dk.web08.webtohosting.dk\/en\/wp-json\/wp\/v2\/pages\/13687\/revisions"}],"predecessor-version":[{"id":13833,"href":"https:\/\/tystofte2.dk.web08.webtohosting.dk\/en\/wp-json\/wp\/v2\/pages\/13687\/revisions\/13833"}],"up":[{"embeddable":true,"href":"https:\/\/tystofte2.dk.web08.webtohosting.dk\/en\/wp-json\/wp\/v2\/pages\/2073"}],"wp:attachment":[{"href":"https:\/\/tystofte2.dk.web08.webtohosting.dk\/en\/wp-json\/wp\/v2\/media?parent=13687"}],"curies":[{"name":"wp","href":"https:\/\/api.w.org\/{rel}","templated":true}]}}