{"id":13684,"date":"2019-11-12T13:01:16","date_gmt":"2019-11-12T12:01:16","guid":{"rendered":"https:\/\/tystofte2.dk.web08.webtohosting.dk\/testing\/vcu-field-plans\/vp-markplaner-2020\/"},"modified":"2021-05-21T08:24:24","modified_gmt":"2021-05-21T06:24:24","slug":"vp-markplaner-2020","status":"publish","type":"page","link":"https:\/\/tystofte2.dk.web08.webtohosting.dk\/en\/testing\/vcu-field-plans\/vp-markplaner-2020\/","title":{"rendered":"VCU field plans 2020"},"content":{"rendered":"\n<p><strong>Only in Danish<br><\/strong><br><a href=\"https:\/\/tystofte2.dk.web08.webtohosting.dk\/wp-content\/uploads\/2020\/04\/Vinterraps-Tystofte-2020.pdf\">Vinterraps\u00a0Tystofte 2020<\/a><br><a href=\"https:\/\/tystofte2.dk.web08.webtohosting.dk\/wp-content\/uploads\/2020\/01\/Abildg\u00e5rd-vinterraps.pdf\">Vinterraps Abildg\u00e5rd 2020<\/a><a href=\"https:\/\/tystofte2.dk.web08.webtohosting.dk\/wp-content\/uploads\/2020\/01\/VP-Abildg\u00e5rd-og-bagehvede-Dyngby.pdf\"><br><\/a><a href=\"https:\/\/tystofte2.dk.web08.webtohosting.dk\/wp-content\/uploads\/2019\/12\/Vinters\u00e6d-Tystofte-2020-2.pdf\">Vinters\u00e6d Tystofte 2020<\/a><br><a href=\"https:\/\/tystofte2.dk.web08.webtohosting.dk\/wp-content\/uploads\/2019\/12\/Grovfoder-Tystofte-2020-8.pdf\">Grovfoder Tystofte 2020<\/a><br><a href=\"https:\/\/tystofte2.dk.web08.webtohosting.dk\/wp-content\/uploads\/2020\/01\/VP-Abildg\u00e5rd-og-bagehvede-Dyngby-2.pdf\">Vinters\u00e6d Abildg\u00e5rd samt bagehvede Dyngby 2020<\/a><br><a href=\"https:\/\/tystofte2.dk.web08.webtohosting.dk\/wp-content\/uploads\/2020\/01\/Holeby-vinterbyg-og-bagehvede-Eskildstrup-vinterhvede-2020.pdf\">Vinters\u00e6d Holeby og Eskilstrup 2020<\/a><br><a href=\"https:\/\/tystofte2.dk.web08.webtohosting.dk\/wp-content\/uploads\/2020\/01\/SEJET_20-Vinterbyg-Hvede-Rug-og-Triticale.pdf\">Vinters\u00e6d Sejet 2020<\/a><br><a href=\"https:\/\/tystofte2.dk.web08.webtohosting.dk\/wp-content\/uploads\/2020\/05\/Tystofte-2020-v\u00e5rs\u00e6d.pdf\">V\u00e5rs\u00e6d Tystofte 2020<\/a><br><a href=\"https:\/\/tystofte2.dk.web08.webtohosting.dk\/wp-content\/uploads\/2020\/05\/Sejet_20-V\u00c5RS\u00c6D-AB-og-Hesteb\u00f8nne.pdf\">V\u00e5rs\u00e6d Sejet 2020<\/a><br><a href=\"https:\/\/tystofte2.dk.web08.webtohosting.dk\/wp-content\/uploads\/2020\/06\/V\u00e5rbyg-Falster.pdf\">V\u00e5rbyg Falster 2020<\/a><br><a href=\"https:\/\/tystofte2.dk.web08.webtohosting.dk\/wp-content\/uploads\/2020\/06\/V\u00e5rs\u00e6d-Abildg\u00e5rd.pdf\">V\u00e5rs\u00e6d Abildg\u00e5rd<\/a><br><a href=\"https:\/\/tystofte2.dk.web08.webtohosting.dk\/wp-content\/uploads\/2020\/06\/Mark\u00e6rt-Dyngby.pdf\">Mark\u00e6rt Dyngby<\/a><\/p>\n","protected":false},"excerpt":{"rendered":"<p>Only in DanishVinterraps\u00a0Tystofte 2020Vinterraps Abildg\u00e5rd 2020Vinters\u00e6d Tystofte 2020Grovfoder Tystofte 2020Vinters\u00e6d Abildg\u00e5rd samt bagehvede Dyngby 2020Vinters\u00e6d Holeby og Eskilstrup 2020Vinters\u00e6d Sejet 2020V\u00e5rs\u00e6d Tystofte 2020V\u00e5rs\u00e6d Sejet 2020V\u00e5rbyg Falster 2020V\u00e5rs\u00e6d Abildg\u00e5rdMark\u00e6rt Dyngby<\/p>\n","protected":false},"author":3,"featured_media":0,"parent":2073,"menu_order":46,"comment_status":"closed","ping_status":"closed","template":"","meta":{"_acf_changed":false,"footnotes":""},"class_list":["post-13684","page","type-page","status-publish","hentry"],"acf":[],"_links":{"self":[{"href":"https:\/\/tystofte2.dk.web08.webtohosting.dk\/en\/wp-json\/wp\/v2\/pages\/13684","targetHints":{"allow":["GET"]}}],"collection":[{"href":"https:\/\/tystofte2.dk.web08.webtohosting.dk\/en\/wp-json\/wp\/v2\/pages"}],"about":[{"href":"https:\/\/tystofte2.dk.web08.webtohosting.dk\/en\/wp-json\/wp\/v2\/types\/page"}],"author":[{"embeddable":true,"href":"https:\/\/tystofte2.dk.web08.webtohosting.dk\/en\/wp-json\/wp\/v2\/users\/3"}],"replies":[{"embeddable":true,"href":"https:\/\/tystofte2.dk.web08.webtohosting.dk\/en\/wp-json\/wp\/v2\/comments?post=13684"}],"version-history":[{"count":1,"href":"https:\/\/tystofte2.dk.web08.webtohosting.dk\/en\/wp-json\/wp\/v2\/pages\/13684\/revisions"}],"predecessor-version":[{"id":13685,"href":"https:\/\/tystofte2.dk.web08.webtohosting.dk\/en\/wp-json\/wp\/v2\/pages\/13684\/revisions\/13685"}],"up":[{"embeddable":true,"href":"https:\/\/tystofte2.dk.web08.webtohosting.dk\/en\/wp-json\/wp\/v2\/pages\/2073"}],"wp:attachment":[{"href":"https:\/\/tystofte2.dk.web08.webtohosting.dk\/en\/wp-json\/wp\/v2\/media?parent=13684"}],"curies":[{"name":"wp","href":"https:\/\/api.w.org\/{rel}","templated":true}]}}