{"id":13663,"date":"2019-06-05T09:58:56","date_gmt":"2019-06-05T08:58:56","guid":{"rendered":"https:\/\/tystofte2.dk.web08.webtohosting.dk\/2012-2\/"},"modified":"2021-05-20T15:10:52","modified_gmt":"2021-05-20T13:10:52","slug":"2012-2","status":"publish","type":"page","link":"https:\/\/tystofte2.dk.web08.webtohosting.dk\/en\/results\/vp-aarsresultater\/2012-2\/","title":{"rendered":"2012"},"content":{"rendered":"\n<p><a href=\"https:\/\/tystofte2.dk.web08.webtohosting.dk\/wp-content\/uploads\/2015\/08\/vinterraps-linjer-winter-rape-line-2012.pdf\" target=\"_blank\" rel=\"noreferrer noopener\">&nbsp;Vinterraps linjer &#8211; Winter rape line 2012<\/a><br><a href=\"https:\/\/tystofte2.dk.web08.webtohosting.dk\/wp-content\/uploads\/2015\/08\/vinterraps-hybrider-winter-rape-hybrid-2012.pdf\" target=\"_blank\" rel=\"noreferrer noopener\">&nbsp;Vinterraps hybrider &#8211; Winter rape hybrid 2012<\/a><br><a href=\"https:\/\/tystofte2.dk.web08.webtohosting.dk\/wp-content\/uploads\/2015\/08\/vinterbyg-winter-barley-2012.pdf\" target=\"_blank\" rel=\"noreferrer noopener\">&nbsp;Vinterbyg &#8211; Winter barley 2012<\/a><br><a href=\"https:\/\/tystofte2.dk.web08.webtohosting.dk\/wp-content\/uploads\/2015\/08\/vinterbyg-malt-winter-barley-malt-2012.pdf\" target=\"_blank\" rel=\"noreferrer noopener\">&nbsp;Vinterbyg malt &#8211; Winter barley malt 2012<\/a><br><a href=\"https:\/\/tystofte2.dk.web08.webtohosting.dk\/wp-content\/uploads\/2015\/09\/vinterhvede-winter-wheat-2012.pdf\" target=\"_blank\" rel=\"noreferrer noopener\">&nbsp;Vinterhvede &#8211; winter wheat 2012<\/a><br><a href=\"https:\/\/tystofte2.dk.web08.webtohosting.dk\/wp-content\/uploads\/2015\/08\/vinterhvede-bage-winter-wheat-baking-2012.pdf\" target=\"_blank\" rel=\"noreferrer noopener\">&nbsp;Vinterhvede, bage &#8211; Winter wheat, baking 2012<\/a><br><a href=\"https:\/\/tystofte2.dk.web08.webtohosting.dk\/wp-content\/uploads\/2015\/08\/vinterrug-winter-rye-2012.pdf\" target=\"_blank\" rel=\"noreferrer noopener\">&nbsp;Vinterrug &#8211; Winter rye 2012<\/a><br><a href=\"https:\/\/tystofte2.dk.web08.webtohosting.dk\/wp-content\/uploads\/2015\/08\/vintertriticale-winter-triticale-2012.pdf\" target=\"_blank\" rel=\"noreferrer noopener\">&nbsp;Vintertriticale &#8211; Winter triticale 2012<\/a><br><a href=\"https:\/\/tystofte2.dk.web08.webtohosting.dk\/wp-content\/uploads\/2015\/08\/vaarbyg-spring-barley-2012.pdf\" target=\"_blank\" rel=\"noreferrer noopener\">&nbsp;V\u00e5rbyg &#8211; Spring barley 2012<\/a><br><a href=\"https:\/\/tystofte2.dk.web08.webtohosting.dk\/wp-content\/uploads\/2015\/08\/vaarbyg-malt-spring-barley-malt-2012.pdf\" target=\"_blank\" rel=\"noreferrer noopener\">&nbsp;V\u00e5rbyg malt -Spring barley, malt 2012<\/a><br><a href=\"https:\/\/tystofte2.dk.web08.webtohosting.dk\/wp-content\/uploads\/2015\/08\/havre-oats-2012.pdf\" target=\"_blank\" rel=\"noreferrer noopener\">&nbsp;Havre &#8211; Oats 2012<\/a><br><a href=\"https:\/\/tystofte2.dk.web08.webtohosting.dk\/wp-content\/uploads\/2015\/08\/vaarhvede-spring-wheat-2012.pdf\" target=\"_blank\" rel=\"noreferrer noopener\">&nbsp;V\u00e5rhvede &#8211; Spring wheat 2012<\/a><br><a href=\"https:\/\/tystofte2.dk.web08.webtohosting.dk\/wp-content\/uploads\/2015\/08\/vaarraps-spring-rape-2012.pdf\" target=\"_blank\" rel=\"noreferrer noopener\">&nbsp;V\u00e5rraps &#8211; Spring rape 2012<\/a><br><a href=\"https:\/\/tystofte2.dk.web08.webtohosting.dk\/wp-content\/uploads\/2015\/08\/hesteboenne-field-bean-2012.pdf\" target=\"_blank\" rel=\"noreferrer noopener\">&nbsp;Hesteb\u00f8nne &#8211; Field bean 2012<\/a><br><a href=\"https:\/\/tystofte2.dk.web08.webtohosting.dk\/wp-content\/uploads\/2015\/08\/lupin-lupin-2012.pdf\" target=\"_blank\" rel=\"noreferrer noopener\">&nbsp;Lupin &#8211; Lupin 2012<\/a><br><a href=\"https:\/\/tystofte2.dk.web08.webtohosting.dk\/wp-content\/uploads\/2015\/08\/majs-maize-2012.pdf\" target=\"_blank\" rel=\"noreferrer noopener\">&nbsp;Majs &#8211; Maize 2012<\/a><\/p>\n","protected":false},"excerpt":{"rendered":"<p>&nbsp;Vinterraps linjer &#8211; Winter rape line 2012&nbsp;Vinterraps hybrider &#8211; Winter rape hybrid 2012&nbsp;Vinterbyg &#8211; Winter barley 2012&nbsp;Vinterbyg malt &#8211; Winter barley malt 2012&nbsp;Vinterhvede &#8211; winter wheat 2012&nbsp;Vinterhvede, bage &#8211; Winter wheat, baking 2012&nbsp;Vinterrug &#8211; Winter rye 2012&nbsp;Vintertriticale &#8211; Winter triticale 2012&nbsp;V\u00e5rbyg &#8211; Spring barley 2012&nbsp;V\u00e5rbyg malt -Spring barley, malt 2012&nbsp;Havre &#8211; Oats 2012&nbsp;V\u00e5rhvede &#8211; Spring [&hellip;]<\/p>\n","protected":false},"author":3,"featured_media":0,"parent":16423,"menu_order":121,"comment_status":"closed","ping_status":"closed","template":"","meta":{"_acf_changed":false,"footnotes":""},"class_list":["post-13663","page","type-page","status-publish","hentry"],"acf":[],"_links":{"self":[{"href":"https:\/\/tystofte2.dk.web08.webtohosting.dk\/en\/wp-json\/wp\/v2\/pages\/13663","targetHints":{"allow":["GET"]}}],"collection":[{"href":"https:\/\/tystofte2.dk.web08.webtohosting.dk\/en\/wp-json\/wp\/v2\/pages"}],"about":[{"href":"https:\/\/tystofte2.dk.web08.webtohosting.dk\/en\/wp-json\/wp\/v2\/types\/page"}],"author":[{"embeddable":true,"href":"https:\/\/tystofte2.dk.web08.webtohosting.dk\/en\/wp-json\/wp\/v2\/users\/3"}],"replies":[{"embeddable":true,"href":"https:\/\/tystofte2.dk.web08.webtohosting.dk\/en\/wp-json\/wp\/v2\/comments?post=13663"}],"version-history":[{"count":1,"href":"https:\/\/tystofte2.dk.web08.webtohosting.dk\/en\/wp-json\/wp\/v2\/pages\/13663\/revisions"}],"predecessor-version":[{"id":13664,"href":"https:\/\/tystofte2.dk.web08.webtohosting.dk\/en\/wp-json\/wp\/v2\/pages\/13663\/revisions\/13664"}],"up":[{"embeddable":true,"href":"https:\/\/tystofte2.dk.web08.webtohosting.dk\/en\/wp-json\/wp\/v2\/pages\/16423"}],"wp:attachment":[{"href":"https:\/\/tystofte2.dk.web08.webtohosting.dk\/en\/wp-json\/wp\/v2\/media?parent=13663"}],"curies":[{"name":"wp","href":"https:\/\/api.w.org\/{rel}","templated":true}]}}