{"id":13654,"date":"2020-07-22T09:39:09","date_gmt":"2020-07-22T07:39:09","guid":{"rendered":"https:\/\/tystofte2.dk.web08.webtohosting.dk\/2020-2\/"},"modified":"2021-05-20T14:57:20","modified_gmt":"2021-05-20T12:57:20","slug":"2020-2","status":"publish","type":"page","link":"https:\/\/tystofte2.dk.web08.webtohosting.dk\/en\/results\/vp-aarsresultater\/2020-2\/","title":{"rendered":"2020"},"content":{"rendered":"\n<p><a href=\"https:\/\/tystofte2.dk.web08.webtohosting.dk\/wp-content\/uploads\/2020\/11\/Vinterraps-linje-og-hybrider-2020.pdf\">Vinterraps, linjer og hybrider 2020<\/a><br><a href=\"https:\/\/tystofte2.dk.web08.webtohosting.dk\/wp-content\/uploads\/2020\/11\/Vinterraps-dv\u00e6rghybrider-2020.pdf\">Vinterraps, dv\u00e6rghybrider 2020<\/a><br><a href=\"https:\/\/tystofte2.dk.web08.webtohosting.dk\/wp-content\/uploads\/2021\/03\/Vinterhvede-2020.pdf\">Vinterhvede 2020<\/a><br><a href=\"https:\/\/tystofte2.dk.web08.webtohosting.dk\/wp-content\/uploads\/2020\/12\/Vinterhvede-bagning-2020-1.pdf\">Vinterhvede, bagning 2020<\/a><br><a href=\"https:\/\/tystofte2.dk.web08.webtohosting.dk\/wp-content\/uploads\/2021\/03\/Vinterrug-2020.pdf\">Vinterrug 2020<\/a><br><a href=\"https:\/\/tystofte2.dk.web08.webtohosting.dk\/wp-content\/uploads\/2021\/03\/Vinterbyg-2020-1.pdf\">Vinterbyg 2020<\/a><br><a href=\"https:\/\/tystofte2.dk.web08.webtohosting.dk\/wp-content\/uploads\/2020\/10\/Vintertriticale-2020-1.pdf\">Vintertriticale 2020<\/a><br><a href=\"https:\/\/tystofte2.dk.web08.webtohosting.dk\/wp-content\/uploads\/2020\/11\/V\u00e5rraps-2020.pdf\">V\u00e5rraps 2020<\/a><br><a href=\"https:\/\/tystofte2.dk.web08.webtohosting.dk\/wp-content\/uploads\/2021\/02\/Vaarbyg-2020.pdf\">V\u00e5rbyg 2020<\/a><br><a href=\"https:\/\/tystofte2.dk.web08.webtohosting.dk\/wp-content\/uploads\/2020\/10\/V\u00e5rbyg-\u00f8kologisk-2020-1.pdf\">V\u00e5rbyg, \u00f8kologisk 2020<\/a><br><a href=\"https:\/\/tystofte2.dk.web08.webtohosting.dk\/wp-content\/uploads\/2021\/02\/Maltning-vaarbyg-2020.pdf\">V\u00e5rbyg, maltning 2020<\/a><br><a href=\"https:\/\/tystofte2.dk.web08.webtohosting.dk\/wp-content\/uploads\/2020\/11\/V\u00e5rhvede-2020-2.pdf\">V\u00e5rhvede 2020<\/a><br><a href=\"https:\/\/tystofte2.dk.web08.webtohosting.dk\/wp-content\/uploads\/2020\/11\/Havre-2020.pdf\">Havre 2020<\/a><br><a href=\"https:\/\/tystofte2.dk.web08.webtohosting.dk\/wp-content\/uploads\/2020\/11\/Mark\u00e6rt-2020.pdf\">Mark\u00e6rt 2020<\/a><br><a href=\"https:\/\/tystofte2.dk.web08.webtohosting.dk\/wp-content\/uploads\/2020\/11\/Hesteb\u00f8nne-2020.pdf\">Hesteb\u00f8nne 2020<\/a><br><a href=\"https:\/\/tystofte2.dk.web08.webtohosting.dk\/wp-content\/uploads\/2021\/03\/Majs-helsaed-2020-1.pdf\">Majs til hels\u00e6d 2020<\/a><br><a href=\"https:\/\/tystofte2.dk.web08.webtohosting.dk\/wp-content\/uploads\/2020\/11\/Bederoer-Fodder-and-Energy-beets-2020.pdf\">Bederoer (Foder- \/energiroer) 2020<\/a><br><a href=\"https:\/\/tystofte2.dk.web08.webtohosting.dk\/wp-content\/uploads\/2020\/11\/Sukkerroe-Sugar-Beets-2020.pdf\">Sukkerroer 2020<\/a><\/p>\n\n\n\n<p><\/p>\n","protected":false},"excerpt":{"rendered":"<p>Vinterraps, linjer og hybrider 2020Vinterraps, dv\u00e6rghybrider 2020Vinterhvede 2020Vinterhvede, bagning 2020Vinterrug 2020Vinterbyg 2020Vintertriticale 2020V\u00e5rraps 2020V\u00e5rbyg 2020V\u00e5rbyg, \u00f8kologisk 2020V\u00e5rbyg, maltning 2020V\u00e5rhvede 2020Havre 2020Mark\u00e6rt 2020Hesteb\u00f8nne 2020Majs til hels\u00e6d 2020Bederoer (Foder- \/energiroer) 2020Sukkerroer 2020<\/p>\n","protected":false},"author":6,"featured_media":0,"parent":16423,"menu_order":110,"comment_status":"closed","ping_status":"closed","template":"","meta":{"_acf_changed":false,"footnotes":""},"class_list":["post-13654","page","type-page","status-publish","hentry"],"acf":[],"_links":{"self":[{"href":"https:\/\/tystofte2.dk.web08.webtohosting.dk\/en\/wp-json\/wp\/v2\/pages\/13654","targetHints":{"allow":["GET"]}}],"collection":[{"href":"https:\/\/tystofte2.dk.web08.webtohosting.dk\/en\/wp-json\/wp\/v2\/pages"}],"about":[{"href":"https:\/\/tystofte2.dk.web08.webtohosting.dk\/en\/wp-json\/wp\/v2\/types\/page"}],"author":[{"embeddable":true,"href":"https:\/\/tystofte2.dk.web08.webtohosting.dk\/en\/wp-json\/wp\/v2\/users\/6"}],"replies":[{"embeddable":true,"href":"https:\/\/tystofte2.dk.web08.webtohosting.dk\/en\/wp-json\/wp\/v2\/comments?post=13654"}],"version-history":[{"count":1,"href":"https:\/\/tystofte2.dk.web08.webtohosting.dk\/en\/wp-json\/wp\/v2\/pages\/13654\/revisions"}],"predecessor-version":[{"id":13655,"href":"https:\/\/tystofte2.dk.web08.webtohosting.dk\/en\/wp-json\/wp\/v2\/pages\/13654\/revisions\/13655"}],"up":[{"embeddable":true,"href":"https:\/\/tystofte2.dk.web08.webtohosting.dk\/en\/wp-json\/wp\/v2\/pages\/16423"}],"wp:attachment":[{"href":"https:\/\/tystofte2.dk.web08.webtohosting.dk\/en\/wp-json\/wp\/v2\/media?parent=13654"}],"curies":[{"name":"wp","href":"https:\/\/api.w.org\/{rel}","templated":true}]}}