{"id":13652,"date":"2019-08-05T14:30:25","date_gmt":"2019-08-05T12:30:25","guid":{"rendered":"https:\/\/tystofte2.dk.web08.webtohosting.dk\/2019-2\/"},"modified":"2021-05-20T14:56:20","modified_gmt":"2021-05-20T12:56:20","slug":"2019-2","status":"publish","type":"page","link":"https:\/\/tystofte2.dk.web08.webtohosting.dk\/en\/results\/vp-aarsresultater\/2019-2\/","title":{"rendered":"2019"},"content":{"rendered":"\n<p><a href=\"https:\/\/tystofte2.dk.web08.webtohosting.dk\/wp-content\/uploads\/2019\/12\/Vinterhvede-2019-1.pdf\">Vinterhede 2019<\/a><br><a href=\"https:\/\/tystofte2.dk.web08.webtohosting.dk\/wp-content\/uploads\/2020\/05\/Vinterhvede-\u00f8kologisk-2019.pdf\">Vinterhvede, \u00f8kologisk 2019<\/a><br><a href=\"https:\/\/tystofte2.dk.web08.webtohosting.dk\/wp-content\/uploads\/2020\/04\/Vinterhvede-Bage-2019-1.pdf\">Vinterhvede, bage 2019<\/a><a href=\"https:\/\/tystofte2.dk.web08.webtohosting.dk\/wp-content\/uploads\/2019\/09\/Vinterhvede-Bage-2019-1.pdf\"><br><\/a><a href=\"https:\/\/tystofte2.dk.web08.webtohosting.dk\/wp-content\/uploads\/2019\/12\/Vinterrug-2019-1.pdf\">Vinterrug 2019 <\/a><br><a href=\"https:\/\/tystofte2.dk.web08.webtohosting.dk\/wp-content\/uploads\/2019\/12\/Vinterbyg-2019-1.pdf\">Vinterbyg 2019<\/a><br><a href=\"https:\/\/tystofte2.dk.web08.webtohosting.dk\/wp-content\/uploads\/2019\/12\/Vintertriticale-2019-1.pdf\">Vintertriticale 2019<\/a><br><a href=\"https:\/\/tystofte2.dk.web08.webtohosting.dk\/wp-content\/uploads\/2020\/02\/V\u00e5rhvede-2019-1.pdf\">V\u00e5rhvede 2019<\/a><br><a href=\"https:\/\/tystofte2.dk.web08.webtohosting.dk\/wp-content\/uploads\/2019\/10\/V\u00e5rbyg-2019.pdf\"><\/a><a href=\"https:\/\/tystofte2.dk.web08.webtohosting.dk\/wp-content\/uploads\/2020\/01\/V\u00e5rbyg-2019.pdf\">V\u00e5rbyg 2019<\/a><br><a href=\"https:\/\/tystofte2.dk.web08.webtohosting.dk\/wp-content\/uploads\/2020\/10\/V\u00e5rbyg-\u00f8kologisk-2019.pdf\">V\u00e5rbyg, \u00f8kologisk 2019<\/a><br><a href=\"https:\/\/tystofte2.dk.web08.webtohosting.dk\/wp-content\/uploads\/2020\/01\/Maltning-byg-2019-3.pdf\">Maltning, byg 2019<\/a><br><a href=\"https:\/\/tystofte2.dk.web08.webtohosting.dk\/wp-content\/uploads\/2019\/12\/Havre-2019-1.pdf\">Havre 2019<\/a><br><a href=\"https:\/\/tystofte2.dk.web08.webtohosting.dk\/wp-content\/uploads\/2019\/12\/Mark\u00e6rt-2019-1.pdf\">Mark\u00e6rt 2019<\/a><br><a href=\"https:\/\/tystofte2.dk.web08.webtohosting.dk\/wp-content\/uploads\/2019\/12\/Hesteb\u00f8nne-2019-2.pdf\">Hesteb\u00f8nne 2019 <\/a><br><a href=\"https:\/\/tystofte2.dk.web08.webtohosting.dk\/wp-content\/uploads\/2020\/03\/Vinterraps-linjer-og-hybrider-2019.pdf\">Vinterraps, linje- og hybridsorter 2019<\/a><br><a href=\"https:\/\/tystofte2.dk.web08.webtohosting.dk\/wp-content\/uploads\/2019\/12\/Vinterraps-dv\u00e6rghybrider-2019-2.pdf\">Vinterraps, dv\u00e6rghybrider 2019<\/a><br><a href=\"https:\/\/tystofte2.dk.web08.webtohosting.dk\/wp-content\/uploads\/2019\/12\/V\u00e5rraps-2019-1.pdf\">V\u00e5rraps 2019 <\/a><br><a href=\"https:\/\/tystofte2.dk.web08.webtohosting.dk\/wp-content\/uploads\/2019\/11\/Sukkerroe-Sugar-Beets-2019.pdf\">Sukkerroer &#8211; Sugar Beets 2019<\/a><br><a href=\"https:\/\/tystofte2.dk.web08.webtohosting.dk\/wp-content\/uploads\/2019\/11\/Bederoer-Fodder-and-Energy-beets-2019.pdf\">Bederoer &#8211; Fodder and Energy Beets 2019<\/a><br><a href=\"https:\/\/tystofte2.dk.web08.webtohosting.dk\/wp-content\/uploads\/2019\/12\/Majs-hels\u00e6d-2019-2.pdf\">Majs hels\u00e6d 2019<\/a><\/p>\n","protected":false},"excerpt":{"rendered":"<p>Vinterhede 2019Vinterhvede, \u00f8kologisk 2019Vinterhvede, bage 2019Vinterrug 2019 Vinterbyg 2019Vintertriticale 2019V\u00e5rhvede 2019V\u00e5rbyg 2019V\u00e5rbyg, \u00f8kologisk 2019Maltning, byg 2019Havre 2019Mark\u00e6rt 2019Hesteb\u00f8nne 2019 Vinterraps, linje- og hybridsorter 2019Vinterraps, dv\u00e6rghybrider 2019V\u00e5rraps 2019 Sukkerroer &#8211; Sugar Beets 2019Bederoer &#8211; Fodder and Energy Beets 2019Majs hels\u00e6d 2019<\/p>\n","protected":false},"author":3,"featured_media":0,"parent":16423,"menu_order":111,"comment_status":"closed","ping_status":"closed","template":"","meta":{"_acf_changed":false,"footnotes":""},"class_list":["post-13652","page","type-page","status-publish","hentry"],"acf":[],"_links":{"self":[{"href":"https:\/\/tystofte2.dk.web08.webtohosting.dk\/en\/wp-json\/wp\/v2\/pages\/13652","targetHints":{"allow":["GET"]}}],"collection":[{"href":"https:\/\/tystofte2.dk.web08.webtohosting.dk\/en\/wp-json\/wp\/v2\/pages"}],"about":[{"href":"https:\/\/tystofte2.dk.web08.webtohosting.dk\/en\/wp-json\/wp\/v2\/types\/page"}],"author":[{"embeddable":true,"href":"https:\/\/tystofte2.dk.web08.webtohosting.dk\/en\/wp-json\/wp\/v2\/users\/3"}],"replies":[{"embeddable":true,"href":"https:\/\/tystofte2.dk.web08.webtohosting.dk\/en\/wp-json\/wp\/v2\/comments?post=13652"}],"version-history":[{"count":1,"href":"https:\/\/tystofte2.dk.web08.webtohosting.dk\/en\/wp-json\/wp\/v2\/pages\/13652\/revisions"}],"predecessor-version":[{"id":13653,"href":"https:\/\/tystofte2.dk.web08.webtohosting.dk\/en\/wp-json\/wp\/v2\/pages\/13652\/revisions\/13653"}],"up":[{"embeddable":true,"href":"https:\/\/tystofte2.dk.web08.webtohosting.dk\/en\/wp-json\/wp\/v2\/pages\/16423"}],"wp:attachment":[{"href":"https:\/\/tystofte2.dk.web08.webtohosting.dk\/en\/wp-json\/wp\/v2\/media?parent=13652"}],"curies":[{"name":"wp","href":"https:\/\/api.w.org\/{rel}","templated":true}]}}