{"id":1283,"date":"2018-12-11T14:01:14","date_gmt":"2018-12-11T14:01:14","guid":{"rendered":"http:\/\/tystofte.demo.nedeco.ninja\/?page_id=1283"},"modified":"2026-02-26T13:22:53","modified_gmt":"2026-02-26T12:22:53","slug":"contact","status":"publish","type":"page","link":"https:\/\/tystofte2.dk.web08.webtohosting.dk\/en\/about-tystoftefoundation1\/contact\/","title":{"rendered":"Contact"},"content":{"rendered":"<p><br>\n<!--StartFragment--><\/p>\n\n\n<ul class=\"wp-block-list\"><li><a href=\"https:\/\/tystofte2.dk.web08.webtohosting.dk\/kontakt\/administration\/\"><\/a><a href=\"https:\/\/tystofte2.dk.web08.webtohosting.dk\/kontakt\/administration\/\"><\/a><a href=\"https:\/\/tystofte2.dk.web08.webtohosting.dk\/kontakt\/certificering\/\"><\/a><a href=\"https:\/\/tystofte2.dk.web08.webtohosting.dk\/kontakt\/administration\/\"><\/a><a href=\"https:\/\/tystofte2.dk.web08.webtohosting.dk\/kontakt\/administration\/\">Administration<\/a><\/li><li><a href=\"https:\/\/tystofte2.dk.web08.webtohosting.dk\/kontakt\/certificering\/\">Certificering<\/a><\/li><li><a href=\"https:\/\/tystofte2.dk.web08.webtohosting.dk\/kontakt\/drift\/\">Drift<\/a><\/li><li><a href=\"https:\/\/tystofte2.dk.web08.webtohosting.dk\/kontakt\/ses-afproevning\/\">SES-afpr\u00f8vning<\/a><\/li><li><a href=\"https:\/\/tystofte2.dk.web08.webtohosting.dk\/kontakt\/vaerdiafproevning\/\">V\u00e6rdiafpr\u00f8vning (VP)<\/a><\/li><\/ul>\n\n\n\n<p><a href=\"https:\/\/tystofte2.dk.web08.webtohosting.dk\/kontakt\/newsletter\/\">Newsletter<\/a><\/p>\n\n\n<p><!--EndFragment--><br \/><br \/><\/p>","protected":false},"excerpt":{"rendered":"<p>Administration Certificering Drift SES-afpr\u00f8vning V\u00e6rdiafpr\u00f8vning (VP) Newsletter<\/p>\n","protected":false},"author":3,"featured_media":0,"parent":12554,"menu_order":0,"comment_status":"closed","ping_status":"closed","template":"","meta":{"_acf_changed":false,"footnotes":""},"class_list":["post-1283","page","type-page","status-publish","hentry"],"acf":[],"_links":{"self":[{"href":"https:\/\/tystofte2.dk.web08.webtohosting.dk\/en\/wp-json\/wp\/v2\/pages\/1283","targetHints":{"allow":["GET"]}}],"collection":[{"href":"https:\/\/tystofte2.dk.web08.webtohosting.dk\/en\/wp-json\/wp\/v2\/pages"}],"about":[{"href":"https:\/\/tystofte2.dk.web08.webtohosting.dk\/en\/wp-json\/wp\/v2\/types\/page"}],"author":[{"embeddable":true,"href":"https:\/\/tystofte2.dk.web08.webtohosting.dk\/en\/wp-json\/wp\/v2\/users\/3"}],"replies":[{"embeddable":true,"href":"https:\/\/tystofte2.dk.web08.webtohosting.dk\/en\/wp-json\/wp\/v2\/comments?post=1283"}],"version-history":[{"count":2,"href":"https:\/\/tystofte2.dk.web08.webtohosting.dk\/en\/wp-json\/wp\/v2\/pages\/1283\/revisions"}],"predecessor-version":[{"id":11590,"href":"https:\/\/tystofte2.dk.web08.webtohosting.dk\/en\/wp-json\/wp\/v2\/pages\/1283\/revisions\/11590"}],"up":[{"embeddable":true,"href":"https:\/\/tystofte2.dk.web08.webtohosting.dk\/en\/wp-json\/wp\/v2\/pages\/12554"}],"wp:attachment":[{"href":"https:\/\/tystofte2.dk.web08.webtohosting.dk\/en\/wp-json\/wp\/v2\/media?parent=1283"}],"curies":[{"name":"wp","href":"https:\/\/api.w.org\/{rel}","templated":true}]}}