{"id":1009,"date":"2018-09-30T21:19:29","date_gmt":"2018-09-30T20:19:29","guid":{"rendered":"http:\/\/tystofte.demo.nedeco.ninja\/?page_id=1009"},"modified":"2019-06-12T14:52:42","modified_gmt":"2019-06-12T12:52:42","slug":"history","status":"publish","type":"page","link":"https:\/\/tystofte2.dk.web08.webtohosting.dk\/en\/about-tystoftefoundation1\/history\/","title":{"rendered":"History"},"content":{"rendered":"<p>Tystofte Fors\u00f8gsstation blev indviet 1. april 1886 af\u00a0<a href=\"https:\/\/da.wikipedia.org\/wiki\/Peter_Nielsen_(botaniker)\">Peder Nielsen<\/a>, tidligere skolel\u00e6rer ved \u00d8rslev skole. Han var en meget kendt mand p\u00e5 egnen for sin viden om botanik og interesse for fors\u00f8g med foderafgr\u00f8der, som han havde dyrket p\u00e5 et skolelod. Dengang havde fors\u00f8gsstationen 20 tdr. land.<\/p>\n<p>Den 20. juni 1891 fik Peder Nielsen overdraget jord af Castenskiold fra Borreby og r\u00e5dede nu over 54 tdr. land. Efter Peder Nielsens d\u00f8d i 1897 forpagtede Staten fors\u00f8gs-stationen i et \u00e5r. Hvorefter C.V.B. Castenskiold solgte Tystofte fors\u00f8gsstation til Staten 1. april 1899 for 50.000 kr.<\/p>\n<p>Der er sket meget p\u00e5 Tystofte siden 1. april 1899. Mange bygninger st\u00e5r dog stadig som dengang, men indretningen er \u00e6ndret meget. Ny lade og drivhuse er ogs\u00e5 blevet bygget og vi r\u00e5der nu over ca. 115 ha jord inklusiv forpagtninger.<\/p>\n<p>Den 1. november 2014 blev TystofteFonden stiftet som selvst\u00e6ndig erhvervsdreven fond af<\/p>\n<ul>\n<li>Idagaardfonden<\/li>\n<li>Pajbjergfonden<\/li>\n<li>Abed Fonden<\/li>\n<li>Sejet Plantefor\u00e6dling I\/S<\/li>\n<li>DLF-Trifolium A\/S<\/li>\n<li>KWS Scandinavia A\/S<\/li>\n<li>Fondet for Fors\u00f8g med Sukkerroedyrkning<\/li>\n<li>Syngenta Nordics A\/S<\/li>\n<\/ul>\n<p>TystofteFonden er faglig ansvarlig for gennemf\u00f8relse af den lovbestemte sortsafpr\u00f8vning af landbrugsplanter og pl\u00e6ne-gr\u00e6sser, samt kontroldyrkning i forbindelse med certificering af opformeringsmateriale. Den lovbestemte sorts-afpr\u00f8vning omfatter en obligatorisk afpr\u00f8vning af nye sorter med henblik p\u00e5 sortslisteoptagelse og et tilbud om afpr\u00f8vning med henblik p\u00e5, at f\u00e5 en sort plantenyheds-beskyttet.<\/p>\n<p>TystofteFonden er endvidere ansvarlig for de daglige administrative opgaver i relation til den lovbestemte sortsafpr\u00f8vning, blandt andet modtagelse af anmeldelser til sortslisteoptagelse og plantenyhedsbeskyttelse inklusiv sagsbehandlingen af disse, samarbejde med udlandet for s\u00e5 vidt ang\u00e5r teknisk\/fagligt samarbejde, herunder modtagelse og afsendelse af rapporter, behandling af navneforslag, udgivelse af \u201dMeddelelser fra Sortsafpr\u00f8vning\u201d og \u201d Beskrivende Sortslister\u201d, samt forberedelse af gebyr-opkr\u00e6vning og grundlag for den egentlige opkr\u00e6vning.<\/p>\n<p>Kort fortalt, skal nyudviklede sorter gennemg\u00e5 en test (SES test for\u00a0<u>S<\/u>elvst\u00e6ndighed,\u00a0<u>E<\/u>nsartethed og\u00a0<u>S<\/u>tabilitet), hvor de sammenlignes med eksisterende godkendte sorter p\u00e5 markedet, med henblik p\u00e5 at fastsl\u00e5, om de er sikkert forskellige fra de eksisterende godkendte sorter, at de kan godkendes og markedsf\u00f8res som en selvst\u00e6ndig sort.<\/p>\n<p>V\u00e6rdiafpr\u00f8vningen gennemf\u00f8res for at sikre, at de nye sorter har bedre udbytte, dyrknings- og eller kvalitetsegenskaber i forhold til eksisterende sorter.<\/p>\n<p>Pr. 1. januar 2017 overf\u00f8rte Landbrugs- og Fiskeristyrelsen myndighedsansvaret for de opgaver, der er forbundet med certificering af fr\u00f8 og s\u00e6dekorn til\u00a0TystofteFonden. Fonden\u00a0har ansvar for at certificere fr\u00f8 og s\u00e6dekorn og godkende gr\u00f8nsagsfr\u00f8 i henhold til g\u00e6ldende lovgivning og udf\u00f8re de kontroller, der g\u00e5r forud. Landbrugs- og F\u00f8devareministeriet vil f\u00f8re tilsyn med fondens opgavevaretagelse af certificeringsopgaverne og h\u00e5ndtere eventuelle klager relateret til certificering. Fonden varetager allerede den danske sortsafpr\u00f8vning og kontroldyrkning, s\u00e5 der er tale om samling af relaterede opgaver p\u00e5 fr\u00f8- og sortsomr\u00e5det.<\/p>\n","protected":false},"excerpt":{"rendered":"<p>Tystofte Fors\u00f8gsstation blev indviet 1. april 1886 af\u00a0Peder Nielsen, tidligere skolel\u00e6rer ved \u00d8rslev skole. Han var en meget kendt mand p\u00e5 egnen for sin viden om botanik og interesse for fors\u00f8g med foderafgr\u00f8der, som han havde dyrket p\u00e5 et skolelod. Dengang havde fors\u00f8gsstationen 20 tdr. land. Den 20. juni 1891 fik Peder Nielsen overdraget jord [&hellip;]<\/p>\n","protected":false},"author":3,"featured_media":0,"parent":12554,"menu_order":146,"comment_status":"closed","ping_status":"closed","template":"","meta":{"_acf_changed":false,"footnotes":""},"class_list":["post-1009","page","type-page","status-publish","hentry"],"acf":[],"_links":{"self":[{"href":"https:\/\/tystofte2.dk.web08.webtohosting.dk\/en\/wp-json\/wp\/v2\/pages\/1009","targetHints":{"allow":["GET"]}}],"collection":[{"href":"https:\/\/tystofte2.dk.web08.webtohosting.dk\/en\/wp-json\/wp\/v2\/pages"}],"about":[{"href":"https:\/\/tystofte2.dk.web08.webtohosting.dk\/en\/wp-json\/wp\/v2\/types\/page"}],"author":[{"embeddable":true,"href":"https:\/\/tystofte2.dk.web08.webtohosting.dk\/en\/wp-json\/wp\/v2\/users\/3"}],"replies":[{"embeddable":true,"href":"https:\/\/tystofte2.dk.web08.webtohosting.dk\/en\/wp-json\/wp\/v2\/comments?post=1009"}],"version-history":[{"count":2,"href":"https:\/\/tystofte2.dk.web08.webtohosting.dk\/en\/wp-json\/wp\/v2\/pages\/1009\/revisions"}],"predecessor-version":[{"id":2045,"href":"https:\/\/tystofte2.dk.web08.webtohosting.dk\/en\/wp-json\/wp\/v2\/pages\/1009\/revisions\/2045"}],"up":[{"embeddable":true,"href":"https:\/\/tystofte2.dk.web08.webtohosting.dk\/en\/wp-json\/wp\/v2\/pages\/12554"}],"wp:attachment":[{"href":"https:\/\/tystofte2.dk.web08.webtohosting.dk\/en\/wp-json\/wp\/v2\/media?parent=1009"}],"curies":[{"name":"wp","href":"https:\/\/api.w.org\/{rel}","templated":true}]}}